{"id":9161,"date":"2022-04-27T11:11:01","date_gmt":"2022-04-27T09:11:43","guid":{"rendered":"https:\/\/www.torrod.es?post_type=product&#038;p=9161"},"modified":"2022-04-27T11:13:14","modified_gmt":"2022-04-27T09:13:14","slug":"ci-pr","status":"publish","type":"product","link":"https:\/\/www.torrod.es\/pt-pt\/catalogo\/bracadeiras\/abracadeiras-metalicas-leves\/ci-pr\/","title":{"rendered":"CI-PR"},"content":{"rendered":"<p>FITA PERFURADA RETA. ATLANTIS C2-M<\/p>\n","protected":false},"excerpt":{"rendered":"FITA PERFURADA RETA. ATLANTIS C2-M","protected":false},"featured_media":9158,"template":"","meta":{"_acf_changed":false},"product_brand":[],"product_cat":[555],"product_tag":[],"class_list":{"0":"post-9161","1":"product","2":"type-product","3":"status-publish","4":"has-post-thumbnail","6":"product_cat-abracadeiras-metalicas-leves","8":"first","9":"instock","10":"shipping-taxable","11":"product-type-simple"},"acf":[],"yoast_head":"<!-- This site is optimized with the Yoast SEO plugin v27.4 - https:\/\/yoast.com\/product\/yoast-seo-wordpress\/ -->\n<title>CI-PR - Torrod - Especialistas em parafusos e fixa\u00e7\u00e3o<\/title>\n<meta name=\"robots\" content=\"index, follow, max-snippet:-1, max-image-preview:large, max-video-preview:-1\" \/>\n<link rel=\"canonical\" href=\"https:\/\/www.torrod.es\/pt-pt\/catalogo\/bracadeiras\/abracadeiras-metalicas-leves\/ci-pr\/\" \/>\n<meta property=\"og:locale\" content=\"pt_PT\" \/>\n<meta property=\"og:type\" content=\"article\" \/>\n<meta property=\"og:title\" content=\"CI-PR - Torrod - Especialistas em parafusos e fixa\u00e7\u00e3o\" \/>\n<meta property=\"og:description\" content=\"FITA PERFURADA RETA. ATLANTIS C2-M\" \/>\n<meta property=\"og:url\" content=\"https:\/\/www.torrod.es\/pt-pt\/catalogo\/bracadeiras\/abracadeiras-metalicas-leves\/ci-pr\/\" \/>\n<meta property=\"og:site_name\" content=\"Torrod - Especialistas em parafusos e fixa\u00e7\u00e3o\" \/>\n<meta property=\"article:modified_time\" content=\"2022-04-27T09:13:14+00:00\" \/>\n<meta property=\"og:image\" content=\"http:\/\/destorrod.d4dom.net\/wp-content\/uploads\/2022\/04\/ci-pr.jpg\" \/>\n\t<meta property=\"og:image:width\" content=\"640\" \/>\n\t<meta property=\"og:image:height\" content=\"427\" \/>\n\t<meta property=\"og:image:type\" content=\"image\/jpeg\" \/>\n<meta name=\"twitter:card\" content=\"summary_large_image\" \/>\n<script type=\"application\/ld+json\" class=\"yoast-schema-graph\">{\"@context\":\"https:\\\/\\\/schema.org\",\"@graph\":[{\"@type\":\"WebPage\",\"@id\":\"https:\\\/\\\/www.torrod.es\\\/pt-pt\\\/catalogo\\\/bracadeiras\\\/abracadeiras-metalicas-leves\\\/ci-pr\\\/\",\"url\":\"https:\\\/\\\/www.torrod.es\\\/pt-pt\\\/catalogo\\\/bracadeiras\\\/abracadeiras-metalicas-leves\\\/ci-pr\\\/\",\"name\":\"CI-PR - Torrod - Especialistas em parafusos e fixa\u00e7\u00e3o\",\"isPartOf\":{\"@id\":\"https:\\\/\\\/www.torrod.es\\\/pt-pt\\\/#website\"},\"primaryImageOfPage\":{\"@id\":\"https:\\\/\\\/www.torrod.es\\\/pt-pt\\\/catalogo\\\/bracadeiras\\\/abracadeiras-metalicas-leves\\\/ci-pr\\\/#primaryimage\"},\"image\":{\"@id\":\"https:\\\/\\\/www.torrod.es\\\/pt-pt\\\/catalogo\\\/bracadeiras\\\/abracadeiras-metalicas-leves\\\/ci-pr\\\/#primaryimage\"},\"thumbnailUrl\":\"https:\\\/\\\/www.torrod.es\\\/wp-content\\\/uploads\\\/2022\\\/04\\\/ci-pr.jpg\",\"datePublished\":\"2022-04-27T09:11:43+00:00\",\"dateModified\":\"2022-04-27T09:13:14+00:00\",\"breadcrumb\":{\"@id\":\"https:\\\/\\\/www.torrod.es\\\/pt-pt\\\/catalogo\\\/bracadeiras\\\/abracadeiras-metalicas-leves\\\/ci-pr\\\/#breadcrumb\"},\"inLanguage\":\"pt-PT\",\"potentialAction\":[{\"@type\":\"ReadAction\",\"target\":[\"https:\\\/\\\/www.torrod.es\\\/pt-pt\\\/catalogo\\\/bracadeiras\\\/abracadeiras-metalicas-leves\\\/ci-pr\\\/\"]}]},{\"@type\":\"ImageObject\",\"inLanguage\":\"pt-PT\",\"@id\":\"https:\\\/\\\/www.torrod.es\\\/pt-pt\\\/catalogo\\\/bracadeiras\\\/abracadeiras-metalicas-leves\\\/ci-pr\\\/#primaryimage\",\"url\":\"https:\\\/\\\/www.torrod.es\\\/wp-content\\\/uploads\\\/2022\\\/04\\\/ci-pr.jpg\",\"contentUrl\":\"https:\\\/\\\/www.torrod.es\\\/wp-content\\\/uploads\\\/2022\\\/04\\\/ci-pr.jpg\",\"width\":640,\"height\":427},{\"@type\":\"BreadcrumbList\",\"@id\":\"https:\\\/\\\/www.torrod.es\\\/pt-pt\\\/catalogo\\\/bracadeiras\\\/abracadeiras-metalicas-leves\\\/ci-pr\\\/#breadcrumb\",\"itemListElement\":[{\"@type\":\"ListItem\",\"position\":1,\"name\":\"Loja\",\"item\":\"http:\\\/\\\/destorrod.d4dom.net\\\/loja\\\/\"},{\"@type\":\"ListItem\",\"position\":2,\"name\":\"CI-PR\"}]},{\"@type\":\"WebSite\",\"@id\":\"https:\\\/\\\/www.torrod.es\\\/pt-pt\\\/#website\",\"url\":\"https:\\\/\\\/www.torrod.es\\\/pt-pt\\\/\",\"name\":\"Torrod - Especialistas em parafusos e fixa\u00e7\u00e3o\",\"description\":\"A Torrod \u00e9 um fornecedor global de parafusos e produtos de fixa\u00e7\u00e3o, oferecendo solu\u00e7\u00f5es \u00e0 medida das necessidades de cada cliente.\",\"potentialAction\":[{\"@type\":\"SearchAction\",\"target\":{\"@type\":\"EntryPoint\",\"urlTemplate\":\"https:\\\/\\\/www.torrod.es\\\/pt-pt\\\/?s={search_term_string}\"},\"query-input\":{\"@type\":\"PropertyValueSpecification\",\"valueRequired\":true,\"valueName\":\"search_term_string\"}}],\"inLanguage\":\"pt-PT\"}]}<\/script>\n<!-- \/ Yoast SEO plugin. -->","yoast_head_json":{"title":"CI-PR - Torrod - Especialistas em parafusos e fixa\u00e7\u00e3o","robots":{"index":"index","follow":"follow","max-snippet":"max-snippet:-1","max-image-preview":"max-image-preview:large","max-video-preview":"max-video-preview:-1"},"canonical":"https:\/\/www.torrod.es\/pt-pt\/catalogo\/bracadeiras\/abracadeiras-metalicas-leves\/ci-pr\/","og_locale":"pt_PT","og_type":"article","og_title":"CI-PR - Torrod - Especialistas em parafusos e fixa\u00e7\u00e3o","og_description":"FITA PERFURADA RETA. ATLANTIS C2-M","og_url":"https:\/\/www.torrod.es\/pt-pt\/catalogo\/bracadeiras\/abracadeiras-metalicas-leves\/ci-pr\/","og_site_name":"Torrod - Especialistas em parafusos e fixa\u00e7\u00e3o","article_modified_time":"2022-04-27T09:13:14+00:00","og_image":[{"width":640,"height":427,"url":"http:\/\/destorrod.d4dom.net\/wp-content\/uploads\/2022\/04\/ci-pr.jpg","type":"image\/jpeg"}],"twitter_card":"summary_large_image","schema":{"@context":"https:\/\/schema.org","@graph":[{"@type":"WebPage","@id":"https:\/\/www.torrod.es\/pt-pt\/catalogo\/bracadeiras\/abracadeiras-metalicas-leves\/ci-pr\/","url":"https:\/\/www.torrod.es\/pt-pt\/catalogo\/bracadeiras\/abracadeiras-metalicas-leves\/ci-pr\/","name":"CI-PR - Torrod - Especialistas em parafusos e fixa\u00e7\u00e3o","isPartOf":{"@id":"https:\/\/www.torrod.es\/pt-pt\/#website"},"primaryImageOfPage":{"@id":"https:\/\/www.torrod.es\/pt-pt\/catalogo\/bracadeiras\/abracadeiras-metalicas-leves\/ci-pr\/#primaryimage"},"image":{"@id":"https:\/\/www.torrod.es\/pt-pt\/catalogo\/bracadeiras\/abracadeiras-metalicas-leves\/ci-pr\/#primaryimage"},"thumbnailUrl":"https:\/\/www.torrod.es\/wp-content\/uploads\/2022\/04\/ci-pr.jpg","datePublished":"2022-04-27T09:11:43+00:00","dateModified":"2022-04-27T09:13:14+00:00","breadcrumb":{"@id":"https:\/\/www.torrod.es\/pt-pt\/catalogo\/bracadeiras\/abracadeiras-metalicas-leves\/ci-pr\/#breadcrumb"},"inLanguage":"pt-PT","potentialAction":[{"@type":"ReadAction","target":["https:\/\/www.torrod.es\/pt-pt\/catalogo\/bracadeiras\/abracadeiras-metalicas-leves\/ci-pr\/"]}]},{"@type":"ImageObject","inLanguage":"pt-PT","@id":"https:\/\/www.torrod.es\/pt-pt\/catalogo\/bracadeiras\/abracadeiras-metalicas-leves\/ci-pr\/#primaryimage","url":"https:\/\/www.torrod.es\/wp-content\/uploads\/2022\/04\/ci-pr.jpg","contentUrl":"https:\/\/www.torrod.es\/wp-content\/uploads\/2022\/04\/ci-pr.jpg","width":640,"height":427},{"@type":"BreadcrumbList","@id":"https:\/\/www.torrod.es\/pt-pt\/catalogo\/bracadeiras\/abracadeiras-metalicas-leves\/ci-pr\/#breadcrumb","itemListElement":[{"@type":"ListItem","position":1,"name":"Loja","item":"http:\/\/destorrod.d4dom.net\/loja\/"},{"@type":"ListItem","position":2,"name":"CI-PR"}]},{"@type":"WebSite","@id":"https:\/\/www.torrod.es\/pt-pt\/#website","url":"https:\/\/www.torrod.es\/pt-pt\/","name":"Torrod - Especialistas em parafusos e fixa\u00e7\u00e3o","description":"A Torrod \u00e9 um fornecedor global de parafusos e produtos de fixa\u00e7\u00e3o, oferecendo solu\u00e7\u00f5es \u00e0 medida das necessidades de cada cliente.","potentialAction":[{"@type":"SearchAction","target":{"@type":"EntryPoint","urlTemplate":"https:\/\/www.torrod.es\/pt-pt\/?s={search_term_string}"},"query-input":{"@type":"PropertyValueSpecification","valueRequired":true,"valueName":"search_term_string"}}],"inLanguage":"pt-PT"}]}},"_links":{"self":[{"href":"https:\/\/www.torrod.es\/pt-pt\/wp-json\/wp\/v2\/product\/9161","targetHints":{"allow":["GET"]}}],"collection":[{"href":"https:\/\/www.torrod.es\/pt-pt\/wp-json\/wp\/v2\/product"}],"about":[{"href":"https:\/\/www.torrod.es\/pt-pt\/wp-json\/wp\/v2\/types\/product"}],"wp:featuredmedia":[{"embeddable":true,"href":"https:\/\/www.torrod.es\/pt-pt\/wp-json\/wp\/v2\/media\/9158"}],"wp:attachment":[{"href":"https:\/\/www.torrod.es\/pt-pt\/wp-json\/wp\/v2\/media?parent=9161"}],"wp:term":[{"taxonomy":"product_brand","embeddable":true,"href":"https:\/\/www.torrod.es\/pt-pt\/wp-json\/wp\/v2\/product_brand?post=9161"},{"taxonomy":"product_cat","embeddable":true,"href":"https:\/\/www.torrod.es\/pt-pt\/wp-json\/wp\/v2\/product_cat?post=9161"},{"taxonomy":"product_tag","embeddable":true,"href":"https:\/\/www.torrod.es\/pt-pt\/wp-json\/wp\/v2\/product_tag?post=9161"}],"curies":[{"name":"wp","href":"https:\/\/api.w.org\/{rel}","templated":true}]}}