{"id":9055,"date":"2022-04-25T10:01:40","date_gmt":"2022-04-25T08:02:04","guid":{"rendered":"https:\/\/www.torrod.es?post_type=product&#038;p=9055"},"modified":"2022-04-25T10:03:10","modified_gmt":"2022-04-25T08:03:10","slug":"fi-ca-pd","status":"publish","type":"product","link":"https:\/\/www.torrod.es\/pt-pt\/catalogo\/bracadeiras\/abracadeiras-plasticas\/fi-ca-pd\/","title":{"rendered":"FI-CA PD"},"content":{"rendered":"<p>PIN\u00c7A DUPLA<\/p>\n","protected":false},"excerpt":{"rendered":"PIN\u00c7A DUPLA","protected":false},"featured_media":5349,"template":"","meta":{"_acf_changed":false},"product_brand":[],"product_cat":[558],"product_tag":[],"class_list":{"0":"post-9055","1":"product","2":"type-product","3":"status-publish","4":"has-post-thumbnail","6":"product_cat-abracadeiras-plasticas","8":"first","9":"instock","10":"shipping-taxable","11":"product-type-simple"},"acf":[],"yoast_head":"<!-- This site is optimized with the Yoast SEO plugin v25.7 - https:\/\/yoast.com\/wordpress\/plugins\/seo\/ -->\n<title>FI-CA PD - Torrod - Especialistas em parafusos e fixa\u00e7\u00e3o<\/title>\n<meta name=\"robots\" content=\"index, follow, max-snippet:-1, max-image-preview:large, max-video-preview:-1\" \/>\n<link rel=\"canonical\" href=\"https:\/\/www.torrod.es\/pt-pt\/catalogo\/bracadeiras\/abracadeiras-plasticas\/fi-ca-pd\/\" \/>\n<meta property=\"og:locale\" content=\"pt_PT\" \/>\n<meta property=\"og:type\" content=\"article\" \/>\n<meta property=\"og:title\" content=\"FI-CA PD - Torrod - Especialistas em parafusos e fixa\u00e7\u00e3o\" \/>\n<meta property=\"og:description\" content=\"PIN\u00c7A DUPLA\" \/>\n<meta property=\"og:url\" content=\"https:\/\/www.torrod.es\/pt-pt\/catalogo\/bracadeiras\/abracadeiras-plasticas\/fi-ca-pd\/\" \/>\n<meta property=\"og:site_name\" content=\"Torrod - Especialistas em parafusos e fixa\u00e7\u00e3o\" \/>\n<meta property=\"article:modified_time\" content=\"2022-04-25T08:03:10+00:00\" \/>\n<meta property=\"og:image\" content=\"http:\/\/destorrod.d4dom.net\/wp-content\/uploads\/2022\/03\/fi-ca-pd.jpg\" \/>\n\t<meta property=\"og:image:width\" content=\"640\" \/>\n\t<meta property=\"og:image:height\" content=\"427\" \/>\n\t<meta property=\"og:image:type\" content=\"image\/jpeg\" \/>\n<meta name=\"twitter:card\" content=\"summary_large_image\" \/>\n<script type=\"application\/ld+json\" class=\"yoast-schema-graph\">{\"@context\":\"https:\/\/schema.org\",\"@graph\":[{\"@type\":\"WebPage\",\"@id\":\"https:\/\/www.torrod.es\/pt-pt\/catalogo\/bracadeiras\/abracadeiras-plasticas\/fi-ca-pd\/\",\"url\":\"https:\/\/www.torrod.es\/pt-pt\/catalogo\/bracadeiras\/abracadeiras-plasticas\/fi-ca-pd\/\",\"name\":\"FI-CA PD - Torrod - Especialistas em parafusos e fixa\u00e7\u00e3o\",\"isPartOf\":{\"@id\":\"https:\/\/www.torrod.es\/pt-pt\/#website\"},\"primaryImageOfPage\":{\"@id\":\"https:\/\/www.torrod.es\/pt-pt\/catalogo\/bracadeiras\/abracadeiras-plasticas\/fi-ca-pd\/#primaryimage\"},\"image\":{\"@id\":\"https:\/\/www.torrod.es\/pt-pt\/catalogo\/bracadeiras\/abracadeiras-plasticas\/fi-ca-pd\/#primaryimage\"},\"thumbnailUrl\":\"https:\/\/www.torrod.es\/wp-content\/uploads\/2022\/03\/fi-ca-pd.jpg\",\"datePublished\":\"2022-04-25T08:02:04+00:00\",\"dateModified\":\"2022-04-25T08:03:10+00:00\",\"breadcrumb\":{\"@id\":\"https:\/\/www.torrod.es\/pt-pt\/catalogo\/bracadeiras\/abracadeiras-plasticas\/fi-ca-pd\/#breadcrumb\"},\"inLanguage\":\"pt-PT\",\"potentialAction\":[{\"@type\":\"ReadAction\",\"target\":[\"https:\/\/www.torrod.es\/pt-pt\/catalogo\/bracadeiras\/abracadeiras-plasticas\/fi-ca-pd\/\"]}]},{\"@type\":\"ImageObject\",\"inLanguage\":\"pt-PT\",\"@id\":\"https:\/\/www.torrod.es\/pt-pt\/catalogo\/bracadeiras\/abracadeiras-plasticas\/fi-ca-pd\/#primaryimage\",\"url\":\"https:\/\/www.torrod.es\/wp-content\/uploads\/2022\/03\/fi-ca-pd.jpg\",\"contentUrl\":\"https:\/\/www.torrod.es\/wp-content\/uploads\/2022\/03\/fi-ca-pd.jpg\",\"width\":640,\"height\":427,\"caption\":\"FI-CA PD\"},{\"@type\":\"BreadcrumbList\",\"@id\":\"https:\/\/www.torrod.es\/pt-pt\/catalogo\/bracadeiras\/abracadeiras-plasticas\/fi-ca-pd\/#breadcrumb\",\"itemListElement\":[{\"@type\":\"ListItem\",\"position\":1,\"name\":\"Loja\",\"item\":\"http:\/\/destorrod.d4dom.net\/loja\/\"},{\"@type\":\"ListItem\",\"position\":2,\"name\":\"FI-CA PD\"}]},{\"@type\":\"WebSite\",\"@id\":\"https:\/\/www.torrod.es\/pt-pt\/#website\",\"url\":\"https:\/\/www.torrod.es\/pt-pt\/\",\"name\":\"Torrod - Especialistas em parafusos e fixa\u00e7\u00e3o\",\"description\":\"A Torrod \u00e9 um fornecedor global de parafusos e produtos de fixa\u00e7\u00e3o, oferecendo solu\u00e7\u00f5es \u00e0 medida das necessidades de cada cliente.\",\"potentialAction\":[{\"@type\":\"SearchAction\",\"target\":{\"@type\":\"EntryPoint\",\"urlTemplate\":\"https:\/\/www.torrod.es\/pt-pt\/?s={search_term_string}\"},\"query-input\":{\"@type\":\"PropertyValueSpecification\",\"valueRequired\":true,\"valueName\":\"search_term_string\"}}],\"inLanguage\":\"pt-PT\"}]}<\/script>\n<!-- \/ Yoast SEO plugin. -->","yoast_head_json":{"title":"FI-CA PD - Torrod - Especialistas em parafusos e fixa\u00e7\u00e3o","robots":{"index":"index","follow":"follow","max-snippet":"max-snippet:-1","max-image-preview":"max-image-preview:large","max-video-preview":"max-video-preview:-1"},"canonical":"https:\/\/www.torrod.es\/pt-pt\/catalogo\/bracadeiras\/abracadeiras-plasticas\/fi-ca-pd\/","og_locale":"pt_PT","og_type":"article","og_title":"FI-CA PD - Torrod - Especialistas em parafusos e fixa\u00e7\u00e3o","og_description":"PIN\u00c7A DUPLA","og_url":"https:\/\/www.torrod.es\/pt-pt\/catalogo\/bracadeiras\/abracadeiras-plasticas\/fi-ca-pd\/","og_site_name":"Torrod - Especialistas em parafusos e fixa\u00e7\u00e3o","article_modified_time":"2022-04-25T08:03:10+00:00","og_image":[{"width":640,"height":427,"url":"http:\/\/destorrod.d4dom.net\/wp-content\/uploads\/2022\/03\/fi-ca-pd.jpg","type":"image\/jpeg"}],"twitter_card":"summary_large_image","schema":{"@context":"https:\/\/schema.org","@graph":[{"@type":"WebPage","@id":"https:\/\/www.torrod.es\/pt-pt\/catalogo\/bracadeiras\/abracadeiras-plasticas\/fi-ca-pd\/","url":"https:\/\/www.torrod.es\/pt-pt\/catalogo\/bracadeiras\/abracadeiras-plasticas\/fi-ca-pd\/","name":"FI-CA PD - Torrod - Especialistas em parafusos e fixa\u00e7\u00e3o","isPartOf":{"@id":"https:\/\/www.torrod.es\/pt-pt\/#website"},"primaryImageOfPage":{"@id":"https:\/\/www.torrod.es\/pt-pt\/catalogo\/bracadeiras\/abracadeiras-plasticas\/fi-ca-pd\/#primaryimage"},"image":{"@id":"https:\/\/www.torrod.es\/pt-pt\/catalogo\/bracadeiras\/abracadeiras-plasticas\/fi-ca-pd\/#primaryimage"},"thumbnailUrl":"https:\/\/www.torrod.es\/wp-content\/uploads\/2022\/03\/fi-ca-pd.jpg","datePublished":"2022-04-25T08:02:04+00:00","dateModified":"2022-04-25T08:03:10+00:00","breadcrumb":{"@id":"https:\/\/www.torrod.es\/pt-pt\/catalogo\/bracadeiras\/abracadeiras-plasticas\/fi-ca-pd\/#breadcrumb"},"inLanguage":"pt-PT","potentialAction":[{"@type":"ReadAction","target":["https:\/\/www.torrod.es\/pt-pt\/catalogo\/bracadeiras\/abracadeiras-plasticas\/fi-ca-pd\/"]}]},{"@type":"ImageObject","inLanguage":"pt-PT","@id":"https:\/\/www.torrod.es\/pt-pt\/catalogo\/bracadeiras\/abracadeiras-plasticas\/fi-ca-pd\/#primaryimage","url":"https:\/\/www.torrod.es\/wp-content\/uploads\/2022\/03\/fi-ca-pd.jpg","contentUrl":"https:\/\/www.torrod.es\/wp-content\/uploads\/2022\/03\/fi-ca-pd.jpg","width":640,"height":427,"caption":"FI-CA PD"},{"@type":"BreadcrumbList","@id":"https:\/\/www.torrod.es\/pt-pt\/catalogo\/bracadeiras\/abracadeiras-plasticas\/fi-ca-pd\/#breadcrumb","itemListElement":[{"@type":"ListItem","position":1,"name":"Loja","item":"http:\/\/destorrod.d4dom.net\/loja\/"},{"@type":"ListItem","position":2,"name":"FI-CA PD"}]},{"@type":"WebSite","@id":"https:\/\/www.torrod.es\/pt-pt\/#website","url":"https:\/\/www.torrod.es\/pt-pt\/","name":"Torrod - Especialistas em parafusos e fixa\u00e7\u00e3o","description":"A Torrod \u00e9 um fornecedor global de parafusos e produtos de fixa\u00e7\u00e3o, oferecendo solu\u00e7\u00f5es \u00e0 medida das necessidades de cada cliente.","potentialAction":[{"@type":"SearchAction","target":{"@type":"EntryPoint","urlTemplate":"https:\/\/www.torrod.es\/pt-pt\/?s={search_term_string}"},"query-input":{"@type":"PropertyValueSpecification","valueRequired":true,"valueName":"search_term_string"}}],"inLanguage":"pt-PT"}]}},"_links":{"self":[{"href":"https:\/\/www.torrod.es\/pt-pt\/wp-json\/wp\/v2\/product\/9055","targetHints":{"allow":["GET"]}}],"collection":[{"href":"https:\/\/www.torrod.es\/pt-pt\/wp-json\/wp\/v2\/product"}],"about":[{"href":"https:\/\/www.torrod.es\/pt-pt\/wp-json\/wp\/v2\/types\/product"}],"wp:featuredmedia":[{"embeddable":true,"href":"https:\/\/www.torrod.es\/pt-pt\/wp-json\/wp\/v2\/media\/5349"}],"wp:attachment":[{"href":"https:\/\/www.torrod.es\/pt-pt\/wp-json\/wp\/v2\/media?parent=9055"}],"wp:term":[{"taxonomy":"product_brand","embeddable":true,"href":"https:\/\/www.torrod.es\/pt-pt\/wp-json\/wp\/v2\/product_brand?post=9055"},{"taxonomy":"product_cat","embeddable":true,"href":"https:\/\/www.torrod.es\/pt-pt\/wp-json\/wp\/v2\/product_cat?post=9055"},{"taxonomy":"product_tag","embeddable":true,"href":"https:\/\/www.torrod.es\/pt-pt\/wp-json\/wp\/v2\/product_tag?post=9055"}],"curies":[{"name":"wp","href":"https:\/\/api.w.org\/{rel}","templated":true}]}}