{"id":8524,"date":"2022-04-05T06:49:51","date_gmt":"2022-04-05T07:34:32","guid":{"rendered":"https:\/\/www.torrod.esproducto\/mo-pu\/"},"modified":"2022-04-05T07:34:32","modified_gmt":"2022-04-05T07:34:32","slug":"mo-pu","status":"publish","type":"product","link":"https:\/\/www.torrod.es\/pt-pt\/catalogo\/fixacoes-quimicas\/mo-pu\/","title":{"rendered":"MO-PU"},"content":{"rendered":"<p>POLI\u00c9STER UNIVERSAL. HOMOLOGA\u00c7\u00c3O ATE OP\u00c7\u00c3O 7<\/p>\n","protected":false},"excerpt":{"rendered":"POLI\u00c9STER UNIVERSAL. HOMOLOGA\u00c7\u00c3O ATE OP\u00c7\u00c3O 7","protected":false},"featured_media":7260,"template":"","meta":{"_acf_changed":false},"product_brand":[],"product_cat":[544],"product_tag":[],"class_list":{"0":"post-8524","1":"product","2":"type-product","3":"status-publish","4":"has-post-thumbnail","6":"product_cat-fixacoes-quimicas","8":"first","9":"instock","10":"shipping-taxable","11":"product-type-simple"},"acf":[],"yoast_head":"<!-- This site is optimized with the Yoast SEO plugin v27.3 - https:\/\/yoast.com\/product\/yoast-seo-wordpress\/ -->\n<title>MO-PU - Torrod - Especialistas em parafusos e fixa\u00e7\u00e3o<\/title>\n<meta name=\"robots\" content=\"index, follow, max-snippet:-1, max-image-preview:large, max-video-preview:-1\" \/>\n<link rel=\"canonical\" href=\"https:\/\/www.torrod.es\/pt-pt\/catalogo\/fixacoes-quimicas\/mo-pu\/\" \/>\n<meta property=\"og:locale\" content=\"pt_PT\" \/>\n<meta property=\"og:type\" content=\"article\" \/>\n<meta property=\"og:title\" content=\"MO-PU - Torrod - Especialistas em parafusos e fixa\u00e7\u00e3o\" \/>\n<meta property=\"og:description\" content=\"POLI\u00c9STER UNIVERSAL. HOMOLOGA\u00c7\u00c3O ATE OP\u00c7\u00c3O 7\" \/>\n<meta property=\"og:url\" content=\"https:\/\/www.torrod.es\/pt-pt\/catalogo\/fixacoes-quimicas\/mo-pu\/\" \/>\n<meta property=\"og:site_name\" content=\"Torrod - Especialistas em parafusos e fixa\u00e7\u00e3o\" \/>\n<meta property=\"og:image\" content=\"http:\/\/destorrod.d4dom.net\/wp-content\/uploads\/2022\/04\/mopu-grupo.jpg\" \/>\n\t<meta property=\"og:image:width\" content=\"320\" \/>\n\t<meta property=\"og:image:height\" content=\"480\" \/>\n\t<meta property=\"og:image:type\" content=\"image\/jpeg\" \/>\n<meta name=\"twitter:card\" content=\"summary_large_image\" \/>\n<script type=\"application\/ld+json\" class=\"yoast-schema-graph\">{\"@context\":\"https:\\\/\\\/schema.org\",\"@graph\":[{\"@type\":\"WebPage\",\"@id\":\"https:\\\/\\\/www.torrod.es\\\/pt-pt\\\/catalogo\\\/fixacoes-quimicas\\\/mo-pu\\\/\",\"url\":\"https:\\\/\\\/www.torrod.es\\\/pt-pt\\\/catalogo\\\/fixacoes-quimicas\\\/mo-pu\\\/\",\"name\":\"MO-PU - Torrod - Especialistas em parafusos e fixa\u00e7\u00e3o\",\"isPartOf\":{\"@id\":\"https:\\\/\\\/www.torrod.es\\\/pt-pt\\\/#website\"},\"primaryImageOfPage\":{\"@id\":\"https:\\\/\\\/www.torrod.es\\\/pt-pt\\\/catalogo\\\/fixacoes-quimicas\\\/mo-pu\\\/#primaryimage\"},\"image\":{\"@id\":\"https:\\\/\\\/www.torrod.es\\\/pt-pt\\\/catalogo\\\/fixacoes-quimicas\\\/mo-pu\\\/#primaryimage\"},\"thumbnailUrl\":\"https:\\\/\\\/www.torrod.es\\\/wp-content\\\/uploads\\\/2022\\\/04\\\/mopu-grupo.jpg\",\"datePublished\":\"2022-04-05T07:34:32+00:00\",\"breadcrumb\":{\"@id\":\"https:\\\/\\\/www.torrod.es\\\/pt-pt\\\/catalogo\\\/fixacoes-quimicas\\\/mo-pu\\\/#breadcrumb\"},\"inLanguage\":\"pt-PT\",\"potentialAction\":[{\"@type\":\"ReadAction\",\"target\":[\"https:\\\/\\\/www.torrod.es\\\/pt-pt\\\/catalogo\\\/fixacoes-quimicas\\\/mo-pu\\\/\"]}]},{\"@type\":\"ImageObject\",\"inLanguage\":\"pt-PT\",\"@id\":\"https:\\\/\\\/www.torrod.es\\\/pt-pt\\\/catalogo\\\/fixacoes-quimicas\\\/mo-pu\\\/#primaryimage\",\"url\":\"https:\\\/\\\/www.torrod.es\\\/wp-content\\\/uploads\\\/2022\\\/04\\\/mopu-grupo.jpg\",\"contentUrl\":\"https:\\\/\\\/www.torrod.es\\\/wp-content\\\/uploads\\\/2022\\\/04\\\/mopu-grupo.jpg\",\"width\":320,\"height\":480,\"caption\":\"MOPU - Poli\u00e9ster universal. Fijaciones qu\u00edmicas.\"},{\"@type\":\"BreadcrumbList\",\"@id\":\"https:\\\/\\\/www.torrod.es\\\/pt-pt\\\/catalogo\\\/fixacoes-quimicas\\\/mo-pu\\\/#breadcrumb\",\"itemListElement\":[{\"@type\":\"ListItem\",\"position\":1,\"name\":\"Loja\",\"item\":\"http:\\\/\\\/destorrod.d4dom.net\\\/loja\\\/\"},{\"@type\":\"ListItem\",\"position\":2,\"name\":\"MO-PU\"}]},{\"@type\":\"WebSite\",\"@id\":\"https:\\\/\\\/www.torrod.es\\\/pt-pt\\\/#website\",\"url\":\"https:\\\/\\\/www.torrod.es\\\/pt-pt\\\/\",\"name\":\"Torrod - Especialistas em parafusos e fixa\u00e7\u00e3o\",\"description\":\"A Torrod \u00e9 um fornecedor global de parafusos e produtos de fixa\u00e7\u00e3o, oferecendo solu\u00e7\u00f5es \u00e0 medida das necessidades de cada cliente.\",\"potentialAction\":[{\"@type\":\"SearchAction\",\"target\":{\"@type\":\"EntryPoint\",\"urlTemplate\":\"https:\\\/\\\/www.torrod.es\\\/pt-pt\\\/?s={search_term_string}\"},\"query-input\":{\"@type\":\"PropertyValueSpecification\",\"valueRequired\":true,\"valueName\":\"search_term_string\"}}],\"inLanguage\":\"pt-PT\"}]}<\/script>\n<!-- \/ Yoast SEO plugin. -->","yoast_head_json":{"title":"MO-PU - Torrod - Especialistas em parafusos e fixa\u00e7\u00e3o","robots":{"index":"index","follow":"follow","max-snippet":"max-snippet:-1","max-image-preview":"max-image-preview:large","max-video-preview":"max-video-preview:-1"},"canonical":"https:\/\/www.torrod.es\/pt-pt\/catalogo\/fixacoes-quimicas\/mo-pu\/","og_locale":"pt_PT","og_type":"article","og_title":"MO-PU - Torrod - Especialistas em parafusos e fixa\u00e7\u00e3o","og_description":"POLI\u00c9STER UNIVERSAL. HOMOLOGA\u00c7\u00c3O ATE OP\u00c7\u00c3O 7","og_url":"https:\/\/www.torrod.es\/pt-pt\/catalogo\/fixacoes-quimicas\/mo-pu\/","og_site_name":"Torrod - Especialistas em parafusos e fixa\u00e7\u00e3o","og_image":[{"width":320,"height":480,"url":"http:\/\/destorrod.d4dom.net\/wp-content\/uploads\/2022\/04\/mopu-grupo.jpg","type":"image\/jpeg"}],"twitter_card":"summary_large_image","schema":{"@context":"https:\/\/schema.org","@graph":[{"@type":"WebPage","@id":"https:\/\/www.torrod.es\/pt-pt\/catalogo\/fixacoes-quimicas\/mo-pu\/","url":"https:\/\/www.torrod.es\/pt-pt\/catalogo\/fixacoes-quimicas\/mo-pu\/","name":"MO-PU - Torrod - Especialistas em parafusos e fixa\u00e7\u00e3o","isPartOf":{"@id":"https:\/\/www.torrod.es\/pt-pt\/#website"},"primaryImageOfPage":{"@id":"https:\/\/www.torrod.es\/pt-pt\/catalogo\/fixacoes-quimicas\/mo-pu\/#primaryimage"},"image":{"@id":"https:\/\/www.torrod.es\/pt-pt\/catalogo\/fixacoes-quimicas\/mo-pu\/#primaryimage"},"thumbnailUrl":"https:\/\/www.torrod.es\/wp-content\/uploads\/2022\/04\/mopu-grupo.jpg","datePublished":"2022-04-05T07:34:32+00:00","breadcrumb":{"@id":"https:\/\/www.torrod.es\/pt-pt\/catalogo\/fixacoes-quimicas\/mo-pu\/#breadcrumb"},"inLanguage":"pt-PT","potentialAction":[{"@type":"ReadAction","target":["https:\/\/www.torrod.es\/pt-pt\/catalogo\/fixacoes-quimicas\/mo-pu\/"]}]},{"@type":"ImageObject","inLanguage":"pt-PT","@id":"https:\/\/www.torrod.es\/pt-pt\/catalogo\/fixacoes-quimicas\/mo-pu\/#primaryimage","url":"https:\/\/www.torrod.es\/wp-content\/uploads\/2022\/04\/mopu-grupo.jpg","contentUrl":"https:\/\/www.torrod.es\/wp-content\/uploads\/2022\/04\/mopu-grupo.jpg","width":320,"height":480,"caption":"MOPU - Poli\u00e9ster universal. Fijaciones qu\u00edmicas."},{"@type":"BreadcrumbList","@id":"https:\/\/www.torrod.es\/pt-pt\/catalogo\/fixacoes-quimicas\/mo-pu\/#breadcrumb","itemListElement":[{"@type":"ListItem","position":1,"name":"Loja","item":"http:\/\/destorrod.d4dom.net\/loja\/"},{"@type":"ListItem","position":2,"name":"MO-PU"}]},{"@type":"WebSite","@id":"https:\/\/www.torrod.es\/pt-pt\/#website","url":"https:\/\/www.torrod.es\/pt-pt\/","name":"Torrod - Especialistas em parafusos e fixa\u00e7\u00e3o","description":"A Torrod \u00e9 um fornecedor global de parafusos e produtos de fixa\u00e7\u00e3o, oferecendo solu\u00e7\u00f5es \u00e0 medida das necessidades de cada cliente.","potentialAction":[{"@type":"SearchAction","target":{"@type":"EntryPoint","urlTemplate":"https:\/\/www.torrod.es\/pt-pt\/?s={search_term_string}"},"query-input":{"@type":"PropertyValueSpecification","valueRequired":true,"valueName":"search_term_string"}}],"inLanguage":"pt-PT"}]}},"_links":{"self":[{"href":"https:\/\/www.torrod.es\/pt-pt\/wp-json\/wp\/v2\/product\/8524","targetHints":{"allow":["GET"]}}],"collection":[{"href":"https:\/\/www.torrod.es\/pt-pt\/wp-json\/wp\/v2\/product"}],"about":[{"href":"https:\/\/www.torrod.es\/pt-pt\/wp-json\/wp\/v2\/types\/product"}],"wp:featuredmedia":[{"embeddable":true,"href":"https:\/\/www.torrod.es\/pt-pt\/wp-json\/wp\/v2\/media\/7260"}],"wp:attachment":[{"href":"https:\/\/www.torrod.es\/pt-pt\/wp-json\/wp\/v2\/media?parent=8524"}],"wp:term":[{"taxonomy":"product_brand","embeddable":true,"href":"https:\/\/www.torrod.es\/pt-pt\/wp-json\/wp\/v2\/product_brand?post=8524"},{"taxonomy":"product_cat","embeddable":true,"href":"https:\/\/www.torrod.es\/pt-pt\/wp-json\/wp\/v2\/product_cat?post=8524"},{"taxonomy":"product_tag","embeddable":true,"href":"https:\/\/www.torrod.es\/pt-pt\/wp-json\/wp\/v2\/product_tag?post=8524"}],"curies":[{"name":"wp","href":"https:\/\/api.w.org\/{rel}","templated":true}]}}