{"id":8020,"date":"2022-04-05T06:48:39","date_gmt":"2022-04-04T15:38:02","guid":{"rendered":"https:\/\/www.torrod.esproducto\/ms-sf-2\/"},"modified":"2022-04-04T15:38:02","modified_gmt":"2022-04-04T15:38:02","slug":"ms-sf-2","status":"publish","type":"product","link":"https:\/\/www.torrod.es\/pt-pt\/catalogo\/fixacoes-quimicas\/ms-sf-2\/","title":{"rendered":"MS-SF"},"content":{"rendered":"<p>ADESIVO MS SUPERFAST HIGH TACK<\/p>\n","protected":false},"excerpt":{"rendered":"ADESIVO MS SUPERFAST HIGH TACK","protected":false},"featured_media":0,"template":"","meta":{"_acf_changed":false},"product_brand":[],"product_cat":[544],"product_tag":[],"class_list":{"0":"post-8020","1":"product","2":"type-product","3":"status-publish","5":"product_cat-fixacoes-quimicas","7":"first","8":"instock","9":"shipping-taxable","10":"product-type-simple"},"acf":[],"yoast_head":"<!-- This site is optimized with the Yoast SEO plugin v27.3 - https:\/\/yoast.com\/product\/yoast-seo-wordpress\/ -->\n<title>MS-SF - Torrod - Especialistas em parafusos e fixa\u00e7\u00e3o<\/title>\n<meta name=\"robots\" content=\"index, follow, max-snippet:-1, max-image-preview:large, max-video-preview:-1\" \/>\n<link rel=\"canonical\" href=\"https:\/\/www.torrod.es\/pt-pt\/catalogo\/fixacoes-quimicas\/ms-sf-2\/\" \/>\n<meta property=\"og:locale\" content=\"pt_PT\" \/>\n<meta property=\"og:type\" content=\"article\" \/>\n<meta property=\"og:title\" content=\"MS-SF - Torrod - Especialistas em parafusos e fixa\u00e7\u00e3o\" \/>\n<meta property=\"og:description\" content=\"ADESIVO MS SUPERFAST HIGH TACK\" \/>\n<meta property=\"og:url\" content=\"https:\/\/www.torrod.es\/pt-pt\/catalogo\/fixacoes-quimicas\/ms-sf-2\/\" \/>\n<meta property=\"og:site_name\" content=\"Torrod - Especialistas em parafusos e fixa\u00e7\u00e3o\" \/>\n<meta name=\"twitter:card\" content=\"summary_large_image\" \/>\n<script type=\"application\/ld+json\" class=\"yoast-schema-graph\">{\"@context\":\"https:\\\/\\\/schema.org\",\"@graph\":[{\"@type\":\"WebPage\",\"@id\":\"https:\\\/\\\/www.torrod.es\\\/pt-pt\\\/catalogo\\\/fixacoes-quimicas\\\/ms-sf-2\\\/\",\"url\":\"https:\\\/\\\/www.torrod.es\\\/pt-pt\\\/catalogo\\\/fixacoes-quimicas\\\/ms-sf-2\\\/\",\"name\":\"MS-SF - Torrod - Especialistas em parafusos e fixa\u00e7\u00e3o\",\"isPartOf\":{\"@id\":\"https:\\\/\\\/www.torrod.es\\\/pt-pt\\\/#website\"},\"datePublished\":\"2022-04-04T15:38:02+00:00\",\"breadcrumb\":{\"@id\":\"https:\\\/\\\/www.torrod.es\\\/pt-pt\\\/catalogo\\\/fixacoes-quimicas\\\/ms-sf-2\\\/#breadcrumb\"},\"inLanguage\":\"pt-PT\",\"potentialAction\":[{\"@type\":\"ReadAction\",\"target\":[\"https:\\\/\\\/www.torrod.es\\\/pt-pt\\\/catalogo\\\/fixacoes-quimicas\\\/ms-sf-2\\\/\"]}]},{\"@type\":\"BreadcrumbList\",\"@id\":\"https:\\\/\\\/www.torrod.es\\\/pt-pt\\\/catalogo\\\/fixacoes-quimicas\\\/ms-sf-2\\\/#breadcrumb\",\"itemListElement\":[{\"@type\":\"ListItem\",\"position\":1,\"name\":\"Loja\",\"item\":\"http:\\\/\\\/destorrod.d4dom.net\\\/loja\\\/\"},{\"@type\":\"ListItem\",\"position\":2,\"name\":\"MS-SF\"}]},{\"@type\":\"WebSite\",\"@id\":\"https:\\\/\\\/www.torrod.es\\\/pt-pt\\\/#website\",\"url\":\"https:\\\/\\\/www.torrod.es\\\/pt-pt\\\/\",\"name\":\"Torrod - Especialistas em parafusos e fixa\u00e7\u00e3o\",\"description\":\"A Torrod \u00e9 um fornecedor global de parafusos e produtos de fixa\u00e7\u00e3o, oferecendo solu\u00e7\u00f5es \u00e0 medida das necessidades de cada cliente.\",\"potentialAction\":[{\"@type\":\"SearchAction\",\"target\":{\"@type\":\"EntryPoint\",\"urlTemplate\":\"https:\\\/\\\/www.torrod.es\\\/pt-pt\\\/?s={search_term_string}\"},\"query-input\":{\"@type\":\"PropertyValueSpecification\",\"valueRequired\":true,\"valueName\":\"search_term_string\"}}],\"inLanguage\":\"pt-PT\"}]}<\/script>\n<!-- \/ Yoast SEO plugin. -->","yoast_head_json":{"title":"MS-SF - Torrod - Especialistas em parafusos e fixa\u00e7\u00e3o","robots":{"index":"index","follow":"follow","max-snippet":"max-snippet:-1","max-image-preview":"max-image-preview:large","max-video-preview":"max-video-preview:-1"},"canonical":"https:\/\/www.torrod.es\/pt-pt\/catalogo\/fixacoes-quimicas\/ms-sf-2\/","og_locale":"pt_PT","og_type":"article","og_title":"MS-SF - Torrod - Especialistas em parafusos e fixa\u00e7\u00e3o","og_description":"ADESIVO MS SUPERFAST HIGH TACK","og_url":"https:\/\/www.torrod.es\/pt-pt\/catalogo\/fixacoes-quimicas\/ms-sf-2\/","og_site_name":"Torrod - Especialistas em parafusos e fixa\u00e7\u00e3o","twitter_card":"summary_large_image","schema":{"@context":"https:\/\/schema.org","@graph":[{"@type":"WebPage","@id":"https:\/\/www.torrod.es\/pt-pt\/catalogo\/fixacoes-quimicas\/ms-sf-2\/","url":"https:\/\/www.torrod.es\/pt-pt\/catalogo\/fixacoes-quimicas\/ms-sf-2\/","name":"MS-SF - Torrod - Especialistas em parafusos e fixa\u00e7\u00e3o","isPartOf":{"@id":"https:\/\/www.torrod.es\/pt-pt\/#website"},"datePublished":"2022-04-04T15:38:02+00:00","breadcrumb":{"@id":"https:\/\/www.torrod.es\/pt-pt\/catalogo\/fixacoes-quimicas\/ms-sf-2\/#breadcrumb"},"inLanguage":"pt-PT","potentialAction":[{"@type":"ReadAction","target":["https:\/\/www.torrod.es\/pt-pt\/catalogo\/fixacoes-quimicas\/ms-sf-2\/"]}]},{"@type":"BreadcrumbList","@id":"https:\/\/www.torrod.es\/pt-pt\/catalogo\/fixacoes-quimicas\/ms-sf-2\/#breadcrumb","itemListElement":[{"@type":"ListItem","position":1,"name":"Loja","item":"http:\/\/destorrod.d4dom.net\/loja\/"},{"@type":"ListItem","position":2,"name":"MS-SF"}]},{"@type":"WebSite","@id":"https:\/\/www.torrod.es\/pt-pt\/#website","url":"https:\/\/www.torrod.es\/pt-pt\/","name":"Torrod - Especialistas em parafusos e fixa\u00e7\u00e3o","description":"A Torrod \u00e9 um fornecedor global de parafusos e produtos de fixa\u00e7\u00e3o, oferecendo solu\u00e7\u00f5es \u00e0 medida das necessidades de cada cliente.","potentialAction":[{"@type":"SearchAction","target":{"@type":"EntryPoint","urlTemplate":"https:\/\/www.torrod.es\/pt-pt\/?s={search_term_string}"},"query-input":{"@type":"PropertyValueSpecification","valueRequired":true,"valueName":"search_term_string"}}],"inLanguage":"pt-PT"}]}},"_links":{"self":[{"href":"https:\/\/www.torrod.es\/pt-pt\/wp-json\/wp\/v2\/product\/8020","targetHints":{"allow":["GET"]}}],"collection":[{"href":"https:\/\/www.torrod.es\/pt-pt\/wp-json\/wp\/v2\/product"}],"about":[{"href":"https:\/\/www.torrod.es\/pt-pt\/wp-json\/wp\/v2\/types\/product"}],"wp:attachment":[{"href":"https:\/\/www.torrod.es\/pt-pt\/wp-json\/wp\/v2\/media?parent=8020"}],"wp:term":[{"taxonomy":"product_brand","embeddable":true,"href":"https:\/\/www.torrod.es\/pt-pt\/wp-json\/wp\/v2\/product_brand?post=8020"},{"taxonomy":"product_cat","embeddable":true,"href":"https:\/\/www.torrod.es\/pt-pt\/wp-json\/wp\/v2\/product_cat?post=8020"},{"taxonomy":"product_tag","embeddable":true,"href":"https:\/\/www.torrod.es\/pt-pt\/wp-json\/wp\/v2\/product_tag?post=8020"}],"curies":[{"name":"wp","href":"https:\/\/api.w.org\/{rel}","templated":true}]}}