{"id":7921,"date":"2022-04-05T06:47:20","date_gmt":"2022-04-04T15:34:42","guid":{"rendered":"https:\/\/www.torrod.esproducto\/sp-hx\/"},"modified":"2022-04-04T15:34:42","modified_gmt":"2022-04-04T15:34:42","slug":"sp-hx","status":"publish","type":"product","link":"https:\/\/www.torrod.es\/pt-pt\/catalogo\/fixacoes\/perfis-e-suportes\/sp-hx\/","title":{"rendered":"SP-HX"},"content":{"rendered":"<p>SOPORTE HORIZONTAL CARRILES<\/p>\n","protected":false},"excerpt":{"rendered":"SOPORTE HORIZONTAL CARRILES","protected":false},"featured_media":5007,"template":"","meta":{"_acf_changed":false},"product_brand":[],"product_cat":[561],"product_tag":[],"class_list":{"0":"post-7921","1":"product","2":"type-product","3":"status-publish","4":"has-post-thumbnail","6":"product_cat-perfis-e-suportes","8":"first","9":"instock","10":"shipping-taxable","11":"product-type-simple"},"acf":[],"yoast_head":"<!-- This site is optimized with the Yoast SEO plugin v27.3 - https:\/\/yoast.com\/product\/yoast-seo-wordpress\/ -->\n<title>SP-HX - Torrod - Especialistas em parafusos e fixa\u00e7\u00e3o<\/title>\n<meta name=\"robots\" content=\"index, follow, max-snippet:-1, max-image-preview:large, max-video-preview:-1\" \/>\n<link rel=\"canonical\" href=\"https:\/\/www.torrod.es\/pt-pt\/catalogo\/fixacoes\/perfis-e-suportes\/sp-hx\/\" \/>\n<meta property=\"og:locale\" content=\"pt_PT\" \/>\n<meta property=\"og:type\" content=\"article\" \/>\n<meta property=\"og:title\" content=\"SP-HX - Torrod - Especialistas em parafusos e fixa\u00e7\u00e3o\" \/>\n<meta property=\"og:description\" content=\"SOPORTE HORIZONTAL CARRILES\" \/>\n<meta property=\"og:url\" content=\"https:\/\/www.torrod.es\/pt-pt\/catalogo\/fixacoes\/perfis-e-suportes\/sp-hx\/\" \/>\n<meta property=\"og:site_name\" content=\"Torrod - Especialistas em parafusos e fixa\u00e7\u00e3o\" \/>\n<meta property=\"og:image\" content=\"https:\/\/www.torrod.es\/wp-content\/uploads\/2022\/03\/sp-hx.jpg\" \/>\n\t<meta property=\"og:image:width\" content=\"640\" \/>\n\t<meta property=\"og:image:height\" content=\"427\" \/>\n\t<meta property=\"og:image:type\" content=\"image\/jpeg\" \/>\n<meta name=\"twitter:card\" content=\"summary_large_image\" \/>\n<script type=\"application\/ld+json\" class=\"yoast-schema-graph\">{\"@context\":\"https:\\\/\\\/schema.org\",\"@graph\":[{\"@type\":\"WebPage\",\"@id\":\"https:\\\/\\\/www.torrod.es\\\/pt-pt\\\/catalogo\\\/fixacoes\\\/perfis-e-suportes\\\/sp-hx\\\/\",\"url\":\"https:\\\/\\\/www.torrod.es\\\/pt-pt\\\/catalogo\\\/fixacoes\\\/perfis-e-suportes\\\/sp-hx\\\/\",\"name\":\"SP-HX - Torrod - Especialistas em parafusos e fixa\u00e7\u00e3o\",\"isPartOf\":{\"@id\":\"https:\\\/\\\/www.torrod.es\\\/pt-pt\\\/#website\"},\"primaryImageOfPage\":{\"@id\":\"https:\\\/\\\/www.torrod.es\\\/pt-pt\\\/catalogo\\\/fixacoes\\\/perfis-e-suportes\\\/sp-hx\\\/#primaryimage\"},\"image\":{\"@id\":\"https:\\\/\\\/www.torrod.es\\\/pt-pt\\\/catalogo\\\/fixacoes\\\/perfis-e-suportes\\\/sp-hx\\\/#primaryimage\"},\"thumbnailUrl\":\"https:\\\/\\\/www.torrod.es\\\/wp-content\\\/uploads\\\/2022\\\/03\\\/sp-hx.jpg\",\"datePublished\":\"2022-04-04T15:34:42+00:00\",\"breadcrumb\":{\"@id\":\"https:\\\/\\\/www.torrod.es\\\/pt-pt\\\/catalogo\\\/fixacoes\\\/perfis-e-suportes\\\/sp-hx\\\/#breadcrumb\"},\"inLanguage\":\"pt-PT\",\"potentialAction\":[{\"@type\":\"ReadAction\",\"target\":[\"https:\\\/\\\/www.torrod.es\\\/pt-pt\\\/catalogo\\\/fixacoes\\\/perfis-e-suportes\\\/sp-hx\\\/\"]}]},{\"@type\":\"ImageObject\",\"inLanguage\":\"pt-PT\",\"@id\":\"https:\\\/\\\/www.torrod.es\\\/pt-pt\\\/catalogo\\\/fixacoes\\\/perfis-e-suportes\\\/sp-hx\\\/#primaryimage\",\"url\":\"https:\\\/\\\/www.torrod.es\\\/wp-content\\\/uploads\\\/2022\\\/03\\\/sp-hx.jpg\",\"contentUrl\":\"https:\\\/\\\/www.torrod.es\\\/wp-content\\\/uploads\\\/2022\\\/03\\\/sp-hx.jpg\",\"width\":640,\"height\":427,\"caption\":\"SP-HX\"},{\"@type\":\"BreadcrumbList\",\"@id\":\"https:\\\/\\\/www.torrod.es\\\/pt-pt\\\/catalogo\\\/fixacoes\\\/perfis-e-suportes\\\/sp-hx\\\/#breadcrumb\",\"itemListElement\":[{\"@type\":\"ListItem\",\"position\":1,\"name\":\"Loja\",\"item\":\"http:\\\/\\\/destorrod.d4dom.net\\\/loja\\\/\"},{\"@type\":\"ListItem\",\"position\":2,\"name\":\"SP-HX\"}]},{\"@type\":\"WebSite\",\"@id\":\"https:\\\/\\\/www.torrod.es\\\/pt-pt\\\/#website\",\"url\":\"https:\\\/\\\/www.torrod.es\\\/pt-pt\\\/\",\"name\":\"Torrod - Especialistas em parafusos e fixa\u00e7\u00e3o\",\"description\":\"A Torrod \u00e9 um fornecedor global de parafusos e produtos de fixa\u00e7\u00e3o, oferecendo solu\u00e7\u00f5es \u00e0 medida das necessidades de cada cliente.\",\"potentialAction\":[{\"@type\":\"SearchAction\",\"target\":{\"@type\":\"EntryPoint\",\"urlTemplate\":\"https:\\\/\\\/www.torrod.es\\\/pt-pt\\\/?s={search_term_string}\"},\"query-input\":{\"@type\":\"PropertyValueSpecification\",\"valueRequired\":true,\"valueName\":\"search_term_string\"}}],\"inLanguage\":\"pt-PT\"}]}<\/script>\n<!-- \/ Yoast SEO plugin. -->","yoast_head_json":{"title":"SP-HX - Torrod - Especialistas em parafusos e fixa\u00e7\u00e3o","robots":{"index":"index","follow":"follow","max-snippet":"max-snippet:-1","max-image-preview":"max-image-preview:large","max-video-preview":"max-video-preview:-1"},"canonical":"https:\/\/www.torrod.es\/pt-pt\/catalogo\/fixacoes\/perfis-e-suportes\/sp-hx\/","og_locale":"pt_PT","og_type":"article","og_title":"SP-HX - Torrod - Especialistas em parafusos e fixa\u00e7\u00e3o","og_description":"SOPORTE HORIZONTAL CARRILES","og_url":"https:\/\/www.torrod.es\/pt-pt\/catalogo\/fixacoes\/perfis-e-suportes\/sp-hx\/","og_site_name":"Torrod - Especialistas em parafusos e fixa\u00e7\u00e3o","og_image":[{"width":640,"height":427,"url":"https:\/\/www.torrod.es\/wp-content\/uploads\/2022\/03\/sp-hx.jpg","type":"image\/jpeg"}],"twitter_card":"summary_large_image","schema":{"@context":"https:\/\/schema.org","@graph":[{"@type":"WebPage","@id":"https:\/\/www.torrod.es\/pt-pt\/catalogo\/fixacoes\/perfis-e-suportes\/sp-hx\/","url":"https:\/\/www.torrod.es\/pt-pt\/catalogo\/fixacoes\/perfis-e-suportes\/sp-hx\/","name":"SP-HX - Torrod - Especialistas em parafusos e fixa\u00e7\u00e3o","isPartOf":{"@id":"https:\/\/www.torrod.es\/pt-pt\/#website"},"primaryImageOfPage":{"@id":"https:\/\/www.torrod.es\/pt-pt\/catalogo\/fixacoes\/perfis-e-suportes\/sp-hx\/#primaryimage"},"image":{"@id":"https:\/\/www.torrod.es\/pt-pt\/catalogo\/fixacoes\/perfis-e-suportes\/sp-hx\/#primaryimage"},"thumbnailUrl":"https:\/\/www.torrod.es\/wp-content\/uploads\/2022\/03\/sp-hx.jpg","datePublished":"2022-04-04T15:34:42+00:00","breadcrumb":{"@id":"https:\/\/www.torrod.es\/pt-pt\/catalogo\/fixacoes\/perfis-e-suportes\/sp-hx\/#breadcrumb"},"inLanguage":"pt-PT","potentialAction":[{"@type":"ReadAction","target":["https:\/\/www.torrod.es\/pt-pt\/catalogo\/fixacoes\/perfis-e-suportes\/sp-hx\/"]}]},{"@type":"ImageObject","inLanguage":"pt-PT","@id":"https:\/\/www.torrod.es\/pt-pt\/catalogo\/fixacoes\/perfis-e-suportes\/sp-hx\/#primaryimage","url":"https:\/\/www.torrod.es\/wp-content\/uploads\/2022\/03\/sp-hx.jpg","contentUrl":"https:\/\/www.torrod.es\/wp-content\/uploads\/2022\/03\/sp-hx.jpg","width":640,"height":427,"caption":"SP-HX"},{"@type":"BreadcrumbList","@id":"https:\/\/www.torrod.es\/pt-pt\/catalogo\/fixacoes\/perfis-e-suportes\/sp-hx\/#breadcrumb","itemListElement":[{"@type":"ListItem","position":1,"name":"Loja","item":"http:\/\/destorrod.d4dom.net\/loja\/"},{"@type":"ListItem","position":2,"name":"SP-HX"}]},{"@type":"WebSite","@id":"https:\/\/www.torrod.es\/pt-pt\/#website","url":"https:\/\/www.torrod.es\/pt-pt\/","name":"Torrod - Especialistas em parafusos e fixa\u00e7\u00e3o","description":"A Torrod \u00e9 um fornecedor global de parafusos e produtos de fixa\u00e7\u00e3o, oferecendo solu\u00e7\u00f5es \u00e0 medida das necessidades de cada cliente.","potentialAction":[{"@type":"SearchAction","target":{"@type":"EntryPoint","urlTemplate":"https:\/\/www.torrod.es\/pt-pt\/?s={search_term_string}"},"query-input":{"@type":"PropertyValueSpecification","valueRequired":true,"valueName":"search_term_string"}}],"inLanguage":"pt-PT"}]}},"_links":{"self":[{"href":"https:\/\/www.torrod.es\/pt-pt\/wp-json\/wp\/v2\/product\/7921","targetHints":{"allow":["GET"]}}],"collection":[{"href":"https:\/\/www.torrod.es\/pt-pt\/wp-json\/wp\/v2\/product"}],"about":[{"href":"https:\/\/www.torrod.es\/pt-pt\/wp-json\/wp\/v2\/types\/product"}],"wp:featuredmedia":[{"embeddable":true,"href":"https:\/\/www.torrod.es\/pt-pt\/wp-json\/wp\/v2\/media\/5007"}],"wp:attachment":[{"href":"https:\/\/www.torrod.es\/pt-pt\/wp-json\/wp\/v2\/media?parent=7921"}],"wp:term":[{"taxonomy":"product_brand","embeddable":true,"href":"https:\/\/www.torrod.es\/pt-pt\/wp-json\/wp\/v2\/product_brand?post=7921"},{"taxonomy":"product_cat","embeddable":true,"href":"https:\/\/www.torrod.es\/pt-pt\/wp-json\/wp\/v2\/product_cat?post=7921"},{"taxonomy":"product_tag","embeddable":true,"href":"https:\/\/www.torrod.es\/pt-pt\/wp-json\/wp\/v2\/product_tag?post=7921"}],"curies":[{"name":"wp","href":"https:\/\/api.w.org\/{rel}","templated":true}]}}