{"id":7883,"date":"2022-04-05T06:46:37","date_gmt":"2022-04-04T15:33:56","guid":{"rendered":"https:\/\/www.torrod.esproducto\/bn-n\/"},"modified":"2022-04-04T15:33:56","modified_gmt":"2022-04-04T15:33:56","slug":"bn-n","status":"publish","type":"product","link":"https:\/\/www.torrod.es\/pt-pt\/catalogo\/bracadeiras\/abracadeiras-plasticas\/bn-n\/","title":{"rendered":"BN-N"},"content":{"rendered":"<p>PRETO<\/p>\n","protected":false},"excerpt":{"rendered":"PRETO","protected":false},"featured_media":4865,"template":"","meta":{"_acf_changed":false},"product_brand":[],"product_cat":[558],"product_tag":[],"class_list":{"0":"post-7883","1":"product","2":"type-product","3":"status-publish","4":"has-post-thumbnail","6":"product_cat-abracadeiras-plasticas","8":"first","9":"instock","10":"shipping-taxable","11":"product-type-simple"},"acf":[],"yoast_head":"<!-- This site is optimized with the Yoast SEO plugin v27.3 - https:\/\/yoast.com\/product\/yoast-seo-wordpress\/ -->\n<title>BN-N - Torrod - Especialistas em parafusos e fixa\u00e7\u00e3o<\/title>\n<meta name=\"robots\" content=\"index, follow, max-snippet:-1, max-image-preview:large, max-video-preview:-1\" \/>\n<link rel=\"canonical\" href=\"https:\/\/www.torrod.es\/pt-pt\/catalogo\/bracadeiras\/abracadeiras-plasticas\/bn-n\/\" \/>\n<meta property=\"og:locale\" content=\"pt_PT\" \/>\n<meta property=\"og:type\" content=\"article\" \/>\n<meta property=\"og:title\" content=\"BN-N - Torrod - Especialistas em parafusos e fixa\u00e7\u00e3o\" \/>\n<meta property=\"og:description\" content=\"PRETO\" \/>\n<meta property=\"og:url\" content=\"https:\/\/www.torrod.es\/pt-pt\/catalogo\/bracadeiras\/abracadeiras-plasticas\/bn-n\/\" \/>\n<meta property=\"og:site_name\" content=\"Torrod - Especialistas em parafusos e fixa\u00e7\u00e3o\" \/>\n<meta property=\"og:image\" content=\"https:\/\/www.torrod.es\/wp-content\/uploads\/2022\/03\/bn-n.jpg\" \/>\n\t<meta property=\"og:image:width\" content=\"640\" \/>\n\t<meta property=\"og:image:height\" content=\"427\" \/>\n\t<meta property=\"og:image:type\" content=\"image\/jpeg\" \/>\n<meta name=\"twitter:card\" content=\"summary_large_image\" \/>\n<script type=\"application\/ld+json\" class=\"yoast-schema-graph\">{\"@context\":\"https:\\\/\\\/schema.org\",\"@graph\":[{\"@type\":\"WebPage\",\"@id\":\"https:\\\/\\\/www.torrod.es\\\/pt-pt\\\/catalogo\\\/bracadeiras\\\/abracadeiras-plasticas\\\/bn-n\\\/\",\"url\":\"https:\\\/\\\/www.torrod.es\\\/pt-pt\\\/catalogo\\\/bracadeiras\\\/abracadeiras-plasticas\\\/bn-n\\\/\",\"name\":\"BN-N - Torrod - Especialistas em parafusos e fixa\u00e7\u00e3o\",\"isPartOf\":{\"@id\":\"https:\\\/\\\/www.torrod.es\\\/pt-pt\\\/#website\"},\"primaryImageOfPage\":{\"@id\":\"https:\\\/\\\/www.torrod.es\\\/pt-pt\\\/catalogo\\\/bracadeiras\\\/abracadeiras-plasticas\\\/bn-n\\\/#primaryimage\"},\"image\":{\"@id\":\"https:\\\/\\\/www.torrod.es\\\/pt-pt\\\/catalogo\\\/bracadeiras\\\/abracadeiras-plasticas\\\/bn-n\\\/#primaryimage\"},\"thumbnailUrl\":\"https:\\\/\\\/www.torrod.es\\\/wp-content\\\/uploads\\\/2022\\\/03\\\/bn-n.jpg\",\"datePublished\":\"2022-04-04T15:33:56+00:00\",\"breadcrumb\":{\"@id\":\"https:\\\/\\\/www.torrod.es\\\/pt-pt\\\/catalogo\\\/bracadeiras\\\/abracadeiras-plasticas\\\/bn-n\\\/#breadcrumb\"},\"inLanguage\":\"pt-PT\",\"potentialAction\":[{\"@type\":\"ReadAction\",\"target\":[\"https:\\\/\\\/www.torrod.es\\\/pt-pt\\\/catalogo\\\/bracadeiras\\\/abracadeiras-plasticas\\\/bn-n\\\/\"]}]},{\"@type\":\"ImageObject\",\"inLanguage\":\"pt-PT\",\"@id\":\"https:\\\/\\\/www.torrod.es\\\/pt-pt\\\/catalogo\\\/bracadeiras\\\/abracadeiras-plasticas\\\/bn-n\\\/#primaryimage\",\"url\":\"https:\\\/\\\/www.torrod.es\\\/wp-content\\\/uploads\\\/2022\\\/03\\\/bn-n.jpg\",\"contentUrl\":\"https:\\\/\\\/www.torrod.es\\\/wp-content\\\/uploads\\\/2022\\\/03\\\/bn-n.jpg\",\"width\":640,\"height\":427},{\"@type\":\"BreadcrumbList\",\"@id\":\"https:\\\/\\\/www.torrod.es\\\/pt-pt\\\/catalogo\\\/bracadeiras\\\/abracadeiras-plasticas\\\/bn-n\\\/#breadcrumb\",\"itemListElement\":[{\"@type\":\"ListItem\",\"position\":1,\"name\":\"Loja\",\"item\":\"http:\\\/\\\/destorrod.d4dom.net\\\/loja\\\/\"},{\"@type\":\"ListItem\",\"position\":2,\"name\":\"BN-N\"}]},{\"@type\":\"WebSite\",\"@id\":\"https:\\\/\\\/www.torrod.es\\\/pt-pt\\\/#website\",\"url\":\"https:\\\/\\\/www.torrod.es\\\/pt-pt\\\/\",\"name\":\"Torrod - Especialistas em parafusos e fixa\u00e7\u00e3o\",\"description\":\"A Torrod \u00e9 um fornecedor global de parafusos e produtos de fixa\u00e7\u00e3o, oferecendo solu\u00e7\u00f5es \u00e0 medida das necessidades de cada cliente.\",\"potentialAction\":[{\"@type\":\"SearchAction\",\"target\":{\"@type\":\"EntryPoint\",\"urlTemplate\":\"https:\\\/\\\/www.torrod.es\\\/pt-pt\\\/?s={search_term_string}\"},\"query-input\":{\"@type\":\"PropertyValueSpecification\",\"valueRequired\":true,\"valueName\":\"search_term_string\"}}],\"inLanguage\":\"pt-PT\"}]}<\/script>\n<!-- \/ Yoast SEO plugin. -->","yoast_head_json":{"title":"BN-N - Torrod - Especialistas em parafusos e fixa\u00e7\u00e3o","robots":{"index":"index","follow":"follow","max-snippet":"max-snippet:-1","max-image-preview":"max-image-preview:large","max-video-preview":"max-video-preview:-1"},"canonical":"https:\/\/www.torrod.es\/pt-pt\/catalogo\/bracadeiras\/abracadeiras-plasticas\/bn-n\/","og_locale":"pt_PT","og_type":"article","og_title":"BN-N - Torrod - Especialistas em parafusos e fixa\u00e7\u00e3o","og_description":"PRETO","og_url":"https:\/\/www.torrod.es\/pt-pt\/catalogo\/bracadeiras\/abracadeiras-plasticas\/bn-n\/","og_site_name":"Torrod - Especialistas em parafusos e fixa\u00e7\u00e3o","og_image":[{"width":640,"height":427,"url":"https:\/\/www.torrod.es\/wp-content\/uploads\/2022\/03\/bn-n.jpg","type":"image\/jpeg"}],"twitter_card":"summary_large_image","schema":{"@context":"https:\/\/schema.org","@graph":[{"@type":"WebPage","@id":"https:\/\/www.torrod.es\/pt-pt\/catalogo\/bracadeiras\/abracadeiras-plasticas\/bn-n\/","url":"https:\/\/www.torrod.es\/pt-pt\/catalogo\/bracadeiras\/abracadeiras-plasticas\/bn-n\/","name":"BN-N - Torrod - Especialistas em parafusos e fixa\u00e7\u00e3o","isPartOf":{"@id":"https:\/\/www.torrod.es\/pt-pt\/#website"},"primaryImageOfPage":{"@id":"https:\/\/www.torrod.es\/pt-pt\/catalogo\/bracadeiras\/abracadeiras-plasticas\/bn-n\/#primaryimage"},"image":{"@id":"https:\/\/www.torrod.es\/pt-pt\/catalogo\/bracadeiras\/abracadeiras-plasticas\/bn-n\/#primaryimage"},"thumbnailUrl":"https:\/\/www.torrod.es\/wp-content\/uploads\/2022\/03\/bn-n.jpg","datePublished":"2022-04-04T15:33:56+00:00","breadcrumb":{"@id":"https:\/\/www.torrod.es\/pt-pt\/catalogo\/bracadeiras\/abracadeiras-plasticas\/bn-n\/#breadcrumb"},"inLanguage":"pt-PT","potentialAction":[{"@type":"ReadAction","target":["https:\/\/www.torrod.es\/pt-pt\/catalogo\/bracadeiras\/abracadeiras-plasticas\/bn-n\/"]}]},{"@type":"ImageObject","inLanguage":"pt-PT","@id":"https:\/\/www.torrod.es\/pt-pt\/catalogo\/bracadeiras\/abracadeiras-plasticas\/bn-n\/#primaryimage","url":"https:\/\/www.torrod.es\/wp-content\/uploads\/2022\/03\/bn-n.jpg","contentUrl":"https:\/\/www.torrod.es\/wp-content\/uploads\/2022\/03\/bn-n.jpg","width":640,"height":427},{"@type":"BreadcrumbList","@id":"https:\/\/www.torrod.es\/pt-pt\/catalogo\/bracadeiras\/abracadeiras-plasticas\/bn-n\/#breadcrumb","itemListElement":[{"@type":"ListItem","position":1,"name":"Loja","item":"http:\/\/destorrod.d4dom.net\/loja\/"},{"@type":"ListItem","position":2,"name":"BN-N"}]},{"@type":"WebSite","@id":"https:\/\/www.torrod.es\/pt-pt\/#website","url":"https:\/\/www.torrod.es\/pt-pt\/","name":"Torrod - Especialistas em parafusos e fixa\u00e7\u00e3o","description":"A Torrod \u00e9 um fornecedor global de parafusos e produtos de fixa\u00e7\u00e3o, oferecendo solu\u00e7\u00f5es \u00e0 medida das necessidades de cada cliente.","potentialAction":[{"@type":"SearchAction","target":{"@type":"EntryPoint","urlTemplate":"https:\/\/www.torrod.es\/pt-pt\/?s={search_term_string}"},"query-input":{"@type":"PropertyValueSpecification","valueRequired":true,"valueName":"search_term_string"}}],"inLanguage":"pt-PT"}]}},"_links":{"self":[{"href":"https:\/\/www.torrod.es\/pt-pt\/wp-json\/wp\/v2\/product\/7883","targetHints":{"allow":["GET"]}}],"collection":[{"href":"https:\/\/www.torrod.es\/pt-pt\/wp-json\/wp\/v2\/product"}],"about":[{"href":"https:\/\/www.torrod.es\/pt-pt\/wp-json\/wp\/v2\/types\/product"}],"wp:featuredmedia":[{"embeddable":true,"href":"https:\/\/www.torrod.es\/pt-pt\/wp-json\/wp\/v2\/media\/4865"}],"wp:attachment":[{"href":"https:\/\/www.torrod.es\/pt-pt\/wp-json\/wp\/v2\/media?parent=7883"}],"wp:term":[{"taxonomy":"product_brand","embeddable":true,"href":"https:\/\/www.torrod.es\/pt-pt\/wp-json\/wp\/v2\/product_brand?post=7883"},{"taxonomy":"product_cat","embeddable":true,"href":"https:\/\/www.torrod.es\/pt-pt\/wp-json\/wp\/v2\/product_cat?post=7883"},{"taxonomy":"product_tag","embeddable":true,"href":"https:\/\/www.torrod.es\/pt-pt\/wp-json\/wp\/v2\/product_tag?post=7883"}],"curies":[{"name":"wp","href":"https:\/\/api.w.org\/{rel}","templated":true}]}}