{"id":6407,"date":"2022-03-23T09:11:46","date_gmt":"2022-03-23T09:43:56","guid":{"rendered":"https:\/\/www.torrod.esproducto\/din-6926-en-1663\/"},"modified":"2022-03-23T09:43:56","modified_gmt":"2022-03-23T09:43:56","slug":"din-6926-en-1663","status":"publish","type":"product","link":"https:\/\/www.torrod.es\/pt-pt\/catalogo\/porcas\/autoblocante-pt-pt\/din-6926-en-1663\/","title":{"rendered":"DIN 6926 \/ EN 1663"},"content":{"rendered":"<p>PORCA HEXAGONAL AUTOBLOCANTE C\/ FLANGE NYLON<\/p>\n","protected":false},"excerpt":{"rendered":"PORCA HEXAGONAL AUTOBLOCANTE C\/ FLANGE NYLON","protected":false},"featured_media":9301,"template":"","meta":{"_acf_changed":false},"product_brand":[],"product_cat":[74],"product_tag":[],"class_list":{"0":"post-6407","1":"product","2":"type-product","3":"status-publish","4":"has-post-thumbnail","6":"product_cat-autoblocante-pt-pt","8":"first","9":"instock","10":"shipping-taxable","11":"product-type-simple"},"acf":[],"yoast_head":"<!-- This site is optimized with the Yoast SEO plugin v25.7 - https:\/\/yoast.com\/wordpress\/plugins\/seo\/ -->\n<title>DIN 6926 \/ EN 1663 - Torrod - Especialistas em parafusos e fixa\u00e7\u00e3o<\/title>\n<meta name=\"robots\" content=\"index, follow, max-snippet:-1, max-image-preview:large, max-video-preview:-1\" \/>\n<link rel=\"canonical\" href=\"https:\/\/www.torrod.es\/pt-pt\/catalogo\/porcas\/autoblocante-pt-pt\/din-6926-en-1663\/\" \/>\n<meta property=\"og:locale\" content=\"pt_PT\" \/>\n<meta property=\"og:type\" content=\"article\" \/>\n<meta property=\"og:title\" content=\"DIN 6926 \/ EN 1663 - Torrod - Especialistas em parafusos e fixa\u00e7\u00e3o\" \/>\n<meta property=\"og:description\" content=\"PORCA HEXAGONAL AUTOBLOCANTE C\/ FLANGE NYLON\" \/>\n<meta property=\"og:url\" content=\"https:\/\/www.torrod.es\/pt-pt\/catalogo\/porcas\/autoblocante-pt-pt\/din-6926-en-1663\/\" \/>\n<meta property=\"og:site_name\" content=\"Torrod - Especialistas em parafusos e fixa\u00e7\u00e3o\" \/>\n<meta property=\"og:image\" content=\"https:\/\/www.torrod.es\/wp-content\/uploads\/2022\/03\/DIN-6926.png\" \/>\n\t<meta property=\"og:image:width\" content=\"351\" \/>\n\t<meta property=\"og:image:height\" content=\"351\" \/>\n\t<meta property=\"og:image:type\" content=\"image\/png\" \/>\n<meta name=\"twitter:card\" content=\"summary_large_image\" \/>\n<script type=\"application\/ld+json\" class=\"yoast-schema-graph\">{\"@context\":\"https:\/\/schema.org\",\"@graph\":[{\"@type\":\"WebPage\",\"@id\":\"https:\/\/www.torrod.es\/pt-pt\/catalogo\/porcas\/autoblocante-pt-pt\/din-6926-en-1663\/\",\"url\":\"https:\/\/www.torrod.es\/pt-pt\/catalogo\/porcas\/autoblocante-pt-pt\/din-6926-en-1663\/\",\"name\":\"DIN 6926 \/ EN 1663 - Torrod - Especialistas em parafusos e fixa\u00e7\u00e3o\",\"isPartOf\":{\"@id\":\"https:\/\/www.torrod.es\/pt-pt\/#website\"},\"primaryImageOfPage\":{\"@id\":\"https:\/\/www.torrod.es\/pt-pt\/catalogo\/porcas\/autoblocante-pt-pt\/din-6926-en-1663\/#primaryimage\"},\"image\":{\"@id\":\"https:\/\/www.torrod.es\/pt-pt\/catalogo\/porcas\/autoblocante-pt-pt\/din-6926-en-1663\/#primaryimage\"},\"thumbnailUrl\":\"https:\/\/www.torrod.es\/wp-content\/uploads\/2022\/03\/DIN-6926.png\",\"datePublished\":\"2022-03-23T09:43:56+00:00\",\"breadcrumb\":{\"@id\":\"https:\/\/www.torrod.es\/pt-pt\/catalogo\/porcas\/autoblocante-pt-pt\/din-6926-en-1663\/#breadcrumb\"},\"inLanguage\":\"pt-PT\",\"potentialAction\":[{\"@type\":\"ReadAction\",\"target\":[\"https:\/\/www.torrod.es\/pt-pt\/catalogo\/porcas\/autoblocante-pt-pt\/din-6926-en-1663\/\"]}]},{\"@type\":\"ImageObject\",\"inLanguage\":\"pt-PT\",\"@id\":\"https:\/\/www.torrod.es\/pt-pt\/catalogo\/porcas\/autoblocante-pt-pt\/din-6926-en-1663\/#primaryimage\",\"url\":\"https:\/\/www.torrod.es\/wp-content\/uploads\/2022\/03\/DIN-6926.png\",\"contentUrl\":\"https:\/\/www.torrod.es\/wp-content\/uploads\/2022\/03\/DIN-6926.png\",\"width\":351,\"height\":351},{\"@type\":\"BreadcrumbList\",\"@id\":\"https:\/\/www.torrod.es\/pt-pt\/catalogo\/porcas\/autoblocante-pt-pt\/din-6926-en-1663\/#breadcrumb\",\"itemListElement\":[{\"@type\":\"ListItem\",\"position\":1,\"name\":\"Loja\",\"item\":\"http:\/\/destorrod.d4dom.net\/loja\/\"},{\"@type\":\"ListItem\",\"position\":2,\"name\":\"DIN 6926 \/ EN 1663\"}]},{\"@type\":\"WebSite\",\"@id\":\"https:\/\/www.torrod.es\/pt-pt\/#website\",\"url\":\"https:\/\/www.torrod.es\/pt-pt\/\",\"name\":\"Torrod - Especialistas em parafusos e fixa\u00e7\u00e3o\",\"description\":\"A Torrod \u00e9 um fornecedor global de parafusos e produtos de fixa\u00e7\u00e3o, oferecendo solu\u00e7\u00f5es \u00e0 medida das necessidades de cada cliente.\",\"potentialAction\":[{\"@type\":\"SearchAction\",\"target\":{\"@type\":\"EntryPoint\",\"urlTemplate\":\"https:\/\/www.torrod.es\/pt-pt\/?s={search_term_string}\"},\"query-input\":{\"@type\":\"PropertyValueSpecification\",\"valueRequired\":true,\"valueName\":\"search_term_string\"}}],\"inLanguage\":\"pt-PT\"}]}<\/script>\n<!-- \/ Yoast SEO plugin. -->","yoast_head_json":{"title":"DIN 6926 \/ EN 1663 - Torrod - Especialistas em parafusos e fixa\u00e7\u00e3o","robots":{"index":"index","follow":"follow","max-snippet":"max-snippet:-1","max-image-preview":"max-image-preview:large","max-video-preview":"max-video-preview:-1"},"canonical":"https:\/\/www.torrod.es\/pt-pt\/catalogo\/porcas\/autoblocante-pt-pt\/din-6926-en-1663\/","og_locale":"pt_PT","og_type":"article","og_title":"DIN 6926 \/ EN 1663 - Torrod - Especialistas em parafusos e fixa\u00e7\u00e3o","og_description":"PORCA HEXAGONAL AUTOBLOCANTE C\/ FLANGE NYLON","og_url":"https:\/\/www.torrod.es\/pt-pt\/catalogo\/porcas\/autoblocante-pt-pt\/din-6926-en-1663\/","og_site_name":"Torrod - Especialistas em parafusos e fixa\u00e7\u00e3o","og_image":[{"width":351,"height":351,"url":"https:\/\/www.torrod.es\/wp-content\/uploads\/2022\/03\/DIN-6926.png","type":"image\/png"}],"twitter_card":"summary_large_image","schema":{"@context":"https:\/\/schema.org","@graph":[{"@type":"WebPage","@id":"https:\/\/www.torrod.es\/pt-pt\/catalogo\/porcas\/autoblocante-pt-pt\/din-6926-en-1663\/","url":"https:\/\/www.torrod.es\/pt-pt\/catalogo\/porcas\/autoblocante-pt-pt\/din-6926-en-1663\/","name":"DIN 6926 \/ EN 1663 - Torrod - Especialistas em parafusos e fixa\u00e7\u00e3o","isPartOf":{"@id":"https:\/\/www.torrod.es\/pt-pt\/#website"},"primaryImageOfPage":{"@id":"https:\/\/www.torrod.es\/pt-pt\/catalogo\/porcas\/autoblocante-pt-pt\/din-6926-en-1663\/#primaryimage"},"image":{"@id":"https:\/\/www.torrod.es\/pt-pt\/catalogo\/porcas\/autoblocante-pt-pt\/din-6926-en-1663\/#primaryimage"},"thumbnailUrl":"https:\/\/www.torrod.es\/wp-content\/uploads\/2022\/03\/DIN-6926.png","datePublished":"2022-03-23T09:43:56+00:00","breadcrumb":{"@id":"https:\/\/www.torrod.es\/pt-pt\/catalogo\/porcas\/autoblocante-pt-pt\/din-6926-en-1663\/#breadcrumb"},"inLanguage":"pt-PT","potentialAction":[{"@type":"ReadAction","target":["https:\/\/www.torrod.es\/pt-pt\/catalogo\/porcas\/autoblocante-pt-pt\/din-6926-en-1663\/"]}]},{"@type":"ImageObject","inLanguage":"pt-PT","@id":"https:\/\/www.torrod.es\/pt-pt\/catalogo\/porcas\/autoblocante-pt-pt\/din-6926-en-1663\/#primaryimage","url":"https:\/\/www.torrod.es\/wp-content\/uploads\/2022\/03\/DIN-6926.png","contentUrl":"https:\/\/www.torrod.es\/wp-content\/uploads\/2022\/03\/DIN-6926.png","width":351,"height":351},{"@type":"BreadcrumbList","@id":"https:\/\/www.torrod.es\/pt-pt\/catalogo\/porcas\/autoblocante-pt-pt\/din-6926-en-1663\/#breadcrumb","itemListElement":[{"@type":"ListItem","position":1,"name":"Loja","item":"http:\/\/destorrod.d4dom.net\/loja\/"},{"@type":"ListItem","position":2,"name":"DIN 6926 \/ EN 1663"}]},{"@type":"WebSite","@id":"https:\/\/www.torrod.es\/pt-pt\/#website","url":"https:\/\/www.torrod.es\/pt-pt\/","name":"Torrod - Especialistas em parafusos e fixa\u00e7\u00e3o","description":"A Torrod \u00e9 um fornecedor global de parafusos e produtos de fixa\u00e7\u00e3o, oferecendo solu\u00e7\u00f5es \u00e0 medida das necessidades de cada cliente.","potentialAction":[{"@type":"SearchAction","target":{"@type":"EntryPoint","urlTemplate":"https:\/\/www.torrod.es\/pt-pt\/?s={search_term_string}"},"query-input":{"@type":"PropertyValueSpecification","valueRequired":true,"valueName":"search_term_string"}}],"inLanguage":"pt-PT"}]}},"_links":{"self":[{"href":"https:\/\/www.torrod.es\/pt-pt\/wp-json\/wp\/v2\/product\/6407","targetHints":{"allow":["GET"]}}],"collection":[{"href":"https:\/\/www.torrod.es\/pt-pt\/wp-json\/wp\/v2\/product"}],"about":[{"href":"https:\/\/www.torrod.es\/pt-pt\/wp-json\/wp\/v2\/types\/product"}],"wp:featuredmedia":[{"embeddable":true,"href":"https:\/\/www.torrod.es\/pt-pt\/wp-json\/wp\/v2\/media\/9301"}],"wp:attachment":[{"href":"https:\/\/www.torrod.es\/pt-pt\/wp-json\/wp\/v2\/media?parent=6407"}],"wp:term":[{"taxonomy":"product_brand","embeddable":true,"href":"https:\/\/www.torrod.es\/pt-pt\/wp-json\/wp\/v2\/product_brand?post=6407"},{"taxonomy":"product_cat","embeddable":true,"href":"https:\/\/www.torrod.es\/pt-pt\/wp-json\/wp\/v2\/product_cat?post=6407"},{"taxonomy":"product_tag","embeddable":true,"href":"https:\/\/www.torrod.es\/pt-pt\/wp-json\/wp\/v2\/product_tag?post=6407"}],"curies":[{"name":"wp","href":"https:\/\/api.w.org\/{rel}","templated":true}]}}