{"id":6384,"date":"2022-03-23T09:11:30","date_gmt":"2022-03-23T09:43:47","guid":{"rendered":"https:\/\/www.torrod.esproducto\/din-571\/"},"modified":"2024-08-22T12:10:12","modified_gmt":"2024-08-22T10:10:12","slug":"art-571","status":"publish","type":"product","link":"https:\/\/www.torrod.es\/pt-pt\/catalogo\/parafusos\/madeira\/art-571\/","title":{"rendered":"ART. 571"},"content":{"rendered":"<p>TORNILLO BARRAQUERO<\/p>\n<p>&nbsp;<\/p>\n<p>&nbsp;<\/p>\n<p><strong>SIMILAR A DIN 571<\/strong><\/p>\n<p>&nbsp;<\/p>\n","protected":false},"excerpt":{"rendered":"TORNILLO BARRAQUERO &nbsp; &nbsp; SIMILAR A DIN 571 &nbsp;","protected":false},"featured_media":2382,"template":"","meta":{"_acf_changed":false},"product_brand":[],"product_cat":[61],"product_tag":[],"class_list":{"0":"post-6384","1":"product","2":"type-product","3":"status-publish","4":"has-post-thumbnail","6":"product_cat-madeira","8":"first","9":"instock","10":"shipping-taxable","11":"product-type-simple"},"acf":[],"yoast_head":"<!-- This site is optimized with the Yoast SEO plugin v27.4 - https:\/\/yoast.com\/product\/yoast-seo-wordpress\/ -->\n<title>ART. 571 - Torrod - Especialistas em parafusos e fixa\u00e7\u00e3o<\/title>\n<meta name=\"robots\" content=\"index, follow, max-snippet:-1, max-image-preview:large, max-video-preview:-1\" \/>\n<link rel=\"canonical\" href=\"https:\/\/www.torrod.es\/pt-pt\/catalogo\/parafusos\/madeira\/art-571\/\" \/>\n<meta property=\"og:locale\" content=\"pt_PT\" \/>\n<meta property=\"og:type\" content=\"article\" \/>\n<meta property=\"og:title\" content=\"ART. 571 - Torrod - Especialistas em parafusos e fixa\u00e7\u00e3o\" \/>\n<meta property=\"og:description\" content=\"TORNILLO BARRAQUERO &nbsp; &nbsp; SIMILAR A DIN 571 &nbsp;\" \/>\n<meta property=\"og:url\" content=\"https:\/\/www.torrod.es\/pt-pt\/catalogo\/parafusos\/madeira\/art-571\/\" \/>\n<meta property=\"og:site_name\" content=\"Torrod - Especialistas em parafusos e fixa\u00e7\u00e3o\" \/>\n<meta property=\"article:modified_time\" content=\"2024-08-22T10:10:12+00:00\" \/>\n<meta property=\"og:image\" content=\"https:\/\/www.torrod.es\/wp-content\/uploads\/2022\/02\/571_ZN-1.jpg\" \/>\n\t<meta property=\"og:image:width\" content=\"1000\" \/>\n\t<meta property=\"og:image:height\" content=\"667\" \/>\n\t<meta property=\"og:image:type\" content=\"image\/jpeg\" \/>\n<meta name=\"twitter:card\" content=\"summary_large_image\" \/>\n<meta name=\"twitter:label1\" content=\"Tempo estimado de leitura\" \/>\n\t<meta name=\"twitter:data1\" content=\"1 minuto\" \/>\n<script type=\"application\/ld+json\" class=\"yoast-schema-graph\">{\"@context\":\"https:\\\/\\\/schema.org\",\"@graph\":[{\"@type\":\"WebPage\",\"@id\":\"https:\\\/\\\/www.torrod.es\\\/pt-pt\\\/catalogo\\\/parafusos\\\/madeira\\\/art-571\\\/\",\"url\":\"https:\\\/\\\/www.torrod.es\\\/pt-pt\\\/catalogo\\\/parafusos\\\/madeira\\\/art-571\\\/\",\"name\":\"ART. 571 - Torrod - Especialistas em parafusos e fixa\u00e7\u00e3o\",\"isPartOf\":{\"@id\":\"https:\\\/\\\/www.torrod.es\\\/pt-pt\\\/#website\"},\"primaryImageOfPage\":{\"@id\":\"https:\\\/\\\/www.torrod.es\\\/pt-pt\\\/catalogo\\\/parafusos\\\/madeira\\\/art-571\\\/#primaryimage\"},\"image\":{\"@id\":\"https:\\\/\\\/www.torrod.es\\\/pt-pt\\\/catalogo\\\/parafusos\\\/madeira\\\/art-571\\\/#primaryimage\"},\"thumbnailUrl\":\"https:\\\/\\\/www.torrod.es\\\/wp-content\\\/uploads\\\/2022\\\/02\\\/571_ZN-1.jpg\",\"datePublished\":\"2022-03-23T09:43:47+00:00\",\"dateModified\":\"2024-08-22T10:10:12+00:00\",\"breadcrumb\":{\"@id\":\"https:\\\/\\\/www.torrod.es\\\/pt-pt\\\/catalogo\\\/parafusos\\\/madeira\\\/art-571\\\/#breadcrumb\"},\"inLanguage\":\"pt-PT\",\"potentialAction\":[{\"@type\":\"ReadAction\",\"target\":[\"https:\\\/\\\/www.torrod.es\\\/pt-pt\\\/catalogo\\\/parafusos\\\/madeira\\\/art-571\\\/\"]}]},{\"@type\":\"ImageObject\",\"inLanguage\":\"pt-PT\",\"@id\":\"https:\\\/\\\/www.torrod.es\\\/pt-pt\\\/catalogo\\\/parafusos\\\/madeira\\\/art-571\\\/#primaryimage\",\"url\":\"https:\\\/\\\/www.torrod.es\\\/wp-content\\\/uploads\\\/2022\\\/02\\\/571_ZN-1.jpg\",\"contentUrl\":\"https:\\\/\\\/www.torrod.es\\\/wp-content\\\/uploads\\\/2022\\\/02\\\/571_ZN-1.jpg\",\"width\":1000,\"height\":667},{\"@type\":\"BreadcrumbList\",\"@id\":\"https:\\\/\\\/www.torrod.es\\\/pt-pt\\\/catalogo\\\/parafusos\\\/madeira\\\/art-571\\\/#breadcrumb\",\"itemListElement\":[{\"@type\":\"ListItem\",\"position\":1,\"name\":\"Loja\",\"item\":\"http:\\\/\\\/destorrod.d4dom.net\\\/loja\\\/\"},{\"@type\":\"ListItem\",\"position\":2,\"name\":\"ART. 571\"}]},{\"@type\":\"WebSite\",\"@id\":\"https:\\\/\\\/www.torrod.es\\\/pt-pt\\\/#website\",\"url\":\"https:\\\/\\\/www.torrod.es\\\/pt-pt\\\/\",\"name\":\"Torrod - Especialistas em parafusos e fixa\u00e7\u00e3o\",\"description\":\"A Torrod \u00e9 um fornecedor global de parafusos e produtos de fixa\u00e7\u00e3o, oferecendo solu\u00e7\u00f5es \u00e0 medida das necessidades de cada cliente.\",\"potentialAction\":[{\"@type\":\"SearchAction\",\"target\":{\"@type\":\"EntryPoint\",\"urlTemplate\":\"https:\\\/\\\/www.torrod.es\\\/pt-pt\\\/?s={search_term_string}\"},\"query-input\":{\"@type\":\"PropertyValueSpecification\",\"valueRequired\":true,\"valueName\":\"search_term_string\"}}],\"inLanguage\":\"pt-PT\"}]}<\/script>\n<!-- \/ Yoast SEO plugin. -->","yoast_head_json":{"title":"ART. 571 - Torrod - Especialistas em parafusos e fixa\u00e7\u00e3o","robots":{"index":"index","follow":"follow","max-snippet":"max-snippet:-1","max-image-preview":"max-image-preview:large","max-video-preview":"max-video-preview:-1"},"canonical":"https:\/\/www.torrod.es\/pt-pt\/catalogo\/parafusos\/madeira\/art-571\/","og_locale":"pt_PT","og_type":"article","og_title":"ART. 571 - Torrod - Especialistas em parafusos e fixa\u00e7\u00e3o","og_description":"TORNILLO BARRAQUERO &nbsp; &nbsp; SIMILAR A DIN 571 &nbsp;","og_url":"https:\/\/www.torrod.es\/pt-pt\/catalogo\/parafusos\/madeira\/art-571\/","og_site_name":"Torrod - Especialistas em parafusos e fixa\u00e7\u00e3o","article_modified_time":"2024-08-22T10:10:12+00:00","og_image":[{"width":1000,"height":667,"url":"https:\/\/www.torrod.es\/wp-content\/uploads\/2022\/02\/571_ZN-1.jpg","type":"image\/jpeg"}],"twitter_card":"summary_large_image","twitter_misc":{"Tempo estimado de leitura":"1 minuto"},"schema":{"@context":"https:\/\/schema.org","@graph":[{"@type":"WebPage","@id":"https:\/\/www.torrod.es\/pt-pt\/catalogo\/parafusos\/madeira\/art-571\/","url":"https:\/\/www.torrod.es\/pt-pt\/catalogo\/parafusos\/madeira\/art-571\/","name":"ART. 571 - Torrod - Especialistas em parafusos e fixa\u00e7\u00e3o","isPartOf":{"@id":"https:\/\/www.torrod.es\/pt-pt\/#website"},"primaryImageOfPage":{"@id":"https:\/\/www.torrod.es\/pt-pt\/catalogo\/parafusos\/madeira\/art-571\/#primaryimage"},"image":{"@id":"https:\/\/www.torrod.es\/pt-pt\/catalogo\/parafusos\/madeira\/art-571\/#primaryimage"},"thumbnailUrl":"https:\/\/www.torrod.es\/wp-content\/uploads\/2022\/02\/571_ZN-1.jpg","datePublished":"2022-03-23T09:43:47+00:00","dateModified":"2024-08-22T10:10:12+00:00","breadcrumb":{"@id":"https:\/\/www.torrod.es\/pt-pt\/catalogo\/parafusos\/madeira\/art-571\/#breadcrumb"},"inLanguage":"pt-PT","potentialAction":[{"@type":"ReadAction","target":["https:\/\/www.torrod.es\/pt-pt\/catalogo\/parafusos\/madeira\/art-571\/"]}]},{"@type":"ImageObject","inLanguage":"pt-PT","@id":"https:\/\/www.torrod.es\/pt-pt\/catalogo\/parafusos\/madeira\/art-571\/#primaryimage","url":"https:\/\/www.torrod.es\/wp-content\/uploads\/2022\/02\/571_ZN-1.jpg","contentUrl":"https:\/\/www.torrod.es\/wp-content\/uploads\/2022\/02\/571_ZN-1.jpg","width":1000,"height":667},{"@type":"BreadcrumbList","@id":"https:\/\/www.torrod.es\/pt-pt\/catalogo\/parafusos\/madeira\/art-571\/#breadcrumb","itemListElement":[{"@type":"ListItem","position":1,"name":"Loja","item":"http:\/\/destorrod.d4dom.net\/loja\/"},{"@type":"ListItem","position":2,"name":"ART. 571"}]},{"@type":"WebSite","@id":"https:\/\/www.torrod.es\/pt-pt\/#website","url":"https:\/\/www.torrod.es\/pt-pt\/","name":"Torrod - Especialistas em parafusos e fixa\u00e7\u00e3o","description":"A Torrod \u00e9 um fornecedor global de parafusos e produtos de fixa\u00e7\u00e3o, oferecendo solu\u00e7\u00f5es \u00e0 medida das necessidades de cada cliente.","potentialAction":[{"@type":"SearchAction","target":{"@type":"EntryPoint","urlTemplate":"https:\/\/www.torrod.es\/pt-pt\/?s={search_term_string}"},"query-input":{"@type":"PropertyValueSpecification","valueRequired":true,"valueName":"search_term_string"}}],"inLanguage":"pt-PT"}]}},"_links":{"self":[{"href":"https:\/\/www.torrod.es\/pt-pt\/wp-json\/wp\/v2\/product\/6384","targetHints":{"allow":["GET"]}}],"collection":[{"href":"https:\/\/www.torrod.es\/pt-pt\/wp-json\/wp\/v2\/product"}],"about":[{"href":"https:\/\/www.torrod.es\/pt-pt\/wp-json\/wp\/v2\/types\/product"}],"wp:featuredmedia":[{"embeddable":true,"href":"https:\/\/www.torrod.es\/pt-pt\/wp-json\/wp\/v2\/media\/2382"}],"wp:attachment":[{"href":"https:\/\/www.torrod.es\/pt-pt\/wp-json\/wp\/v2\/media?parent=6384"}],"wp:term":[{"taxonomy":"product_brand","embeddable":true,"href":"https:\/\/www.torrod.es\/pt-pt\/wp-json\/wp\/v2\/product_brand?post=6384"},{"taxonomy":"product_cat","embeddable":true,"href":"https:\/\/www.torrod.es\/pt-pt\/wp-json\/wp\/v2\/product_cat?post=6384"},{"taxonomy":"product_tag","embeddable":true,"href":"https:\/\/www.torrod.es\/pt-pt\/wp-json\/wp\/v2\/product_tag?post=6384"}],"curies":[{"name":"wp","href":"https:\/\/api.w.org\/{rel}","templated":true}]}}