{"id":9814,"date":"2026-04-09T09:56:30","date_gmt":"2026-04-09T07:56:30","guid":{"rendered":"https:\/\/www.torrod.es\/politica-de-privacidad\/"},"modified":"2026-04-09T09:57:17","modified_gmt":"2026-04-09T07:57:17","slug":"politica-de-privacidad","status":"publish","type":"page","link":"https:\/\/www.torrod.es\/pt-pt\/politica-de-privacidad\/","title":{"rendered":"Pol\u00edtica de Privacidade"},"content":{"rendered":"\n<style>\n  .privacy-wrap { font-family: Arial, sans-serif; color: #333; line-height: 1.6; font-size: 15px; }\n  .privacy-wrap h1 { font-size: 2em; color: #2d2d2d; text-transform: uppercase; font-weight: 900; margin-bottom: 10px; }\n  .privacy-wrap h2 { font-size: 1.4em; color: #7ab317; font-weight: 700; margin-top: 30px; margin-bottom: 5px; }\n  .privacy-wrap p { margin: 6px 0 12px; }\n  .privacy-wrap a { color: #7ab317; text-decoration: none; }\n  .privacy-wrap a:hover { text-decoration: underline; }\n  .privacy-wrap hr { border: none; border-top: 1px solid #ddd; margin: 30px 0; }\n<\/style>\n\n<div class=\"privacy-wrap\">\n\n  <h1>Pol\u00edtica de Privacidade<\/h1>\n\n  <p>A presente pol\u00edtica de privacidade \u00e9 de aplica\u00e7\u00e3o exclusiva \u00e0 presente p\u00e1gina de TORNILLER\u00cdA Y RODAMIENTOS LEVANTE, S.A., entendendo-se como tal as p\u00e1ginas e subp\u00e1ginas nela inclu\u00eddas, excluindo a responsabilidade por p\u00e1ginas, coment\u00e1rios e\/ou an\u00fancios n\u00e3o inclu\u00eddos diretamente por TORNILLER\u00cdA Y RODAMIENTOS LEVANTE, S.A.<\/p>\n\n  <p>Esta pol\u00edtica segue as diretrizes gerais estabelecidas pelo Regulamento Geral de Prote\u00e7\u00e3o de Dados (RGPD) de 27 de abril de 2016. TORNILLER\u00cdA Y RODAMIENTOS LEVANTE, S.A. apenas tratar\u00e1 os dados pessoais que os utilizadores forne\u00e7am de forma livre e volunt\u00e1ria, ficando inclu\u00eddos num ficheiro criado por TORNILLER\u00cdA Y RODAMIENTOS LEVANTE, S.A. e sob a sua responsabilidade, com a finalidade de possibilitar a presta\u00e7\u00e3o dos servi\u00e7os oferecidos atrav\u00e9s desta p\u00e1gina.<\/p>\n\n  <p>Em conformidade com o estabelecido no RGPD, TORNILLER\u00cdA Y RODAMIENTOS LEVANTE, S.A. implementou e mant\u00e9m todas as medidas de natureza t\u00e9cnica, organizativa e de seguran\u00e7a que garantem a confidencialidade, integridade e qualidade da informa\u00e7\u00e3o.<\/p>\n\n  <p>Caso terceiras pessoas ou entidades tenham acesso aos ficheiros de TORNILLER\u00cdA Y RODAMIENTOS LEVANTE, S.A. que contenham dados de car\u00e1cter pessoal, no \u00e2mbito da presta\u00e7\u00e3o de servi\u00e7os de hosting e manuten\u00e7\u00e3o, esse acesso ser\u00e1 efetuado em conformidade com o disposto no RGPD.<\/p>\n\n  <p>Como medida de seguran\u00e7a adicional, TORNILLER\u00cdA Y RODAMIENTOS LEVANTE, S.A. desaconselha o envio de dados especialmente protegidos, pois esta comunica\u00e7\u00e3o n\u00e3o utiliza um canal seguro e os dados n\u00e3o s\u00e3o transmitidos de forma cifrada.<\/p>\n\n  <p>Os dados de car\u00e1cter pessoal comunicados voluntariamente ser\u00e3o tratados com a devida confidencialidade, destinando-se unicamente \u00e0s finalidades para as quais foram recolhidos, sendo estas l\u00edcitas, legais e relacionadas com a atividade pr\u00f3pria de TORNILLER\u00cdA Y RODAMIENTOS LEVANTE, S.A.<\/p>\n\n  <p>O tratamento dos dados de car\u00e1cter pessoal, bem como o envio de comunica\u00e7\u00f5es comerciais por meios eletr\u00f3nicos, ser\u00e3o conformes ao RGPD. Ao tornar-se seguidor desta p\u00e1gina, o utilizador autoriza expressamente TORNILLER\u00cdA Y RODAMIENTOS LEVANTE, S.A. a utilizar os seus dados para o envio de comunica\u00e7\u00f5es comerciais, essencialmente por meios eletr\u00f3nicos, enquanto n\u00e3o manifestar expressamente a sua recusa em receber as referidas comunica\u00e7\u00f5es.<\/p>\n\n  <h2>Direitos dos titulares<\/h2>\n  <p>Poder\u00e1 exercer os direitos de acesso, retifica\u00e7\u00e3o, oposi\u00e7\u00e3o, cancelamento, limita\u00e7\u00e3o do tratamento ou portabilidade dos seus dados dirigindo-se a:<br>\n  <strong>Email:<\/strong> <a href=\"mailto:info@torrod.es\">info@torrod.es<\/a><br>\n  <strong>Correio postal:<\/strong> TORNILLER\u00cdA Y RODAMIENTOS LEVANTE, S.A., C\/ Mont Cabrer, 22, Pol. Ind. La Lloma, 46960 Aldaya (Val\u00eancia)<\/p>\n  <p>Para exercer esses direitos \u00e9 necess\u00e1rio comprovar a sua identidade mediante fotoc\u00f3pia do documento de identifica\u00e7\u00e3o ou qualquer outro meio v\u00e1lido em direito.<\/p>\n\n  <h2>Normativa legal e jurisdi\u00e7\u00e3o aplic\u00e1vel<\/h2>\n  <p>O presente aviso legal e o restante conte\u00fado desta p\u00e1gina foram elaborados respeitando o RGPD de 27 de abril de 2016 e poder\u00e3o ser modificados em qualquer momento para se adequarem \u00e0s altera\u00e7\u00f5es legislativas vigentes.<\/p>\n  <p>A utiliza\u00e7\u00e3o desta p\u00e1gina, incluindo o acesso e a navega\u00e7\u00e3o, \u00e9 livre e gratuita e implica o cumprimento do aviso legal e da legisla\u00e7\u00e3o espanhola aplic\u00e1vel.<\/p>\n  <p>Para qualquer lit\u00edgio derivado da utiliza\u00e7\u00e3o desta p\u00e1gina, ser\u00e1 aplicada a legisla\u00e7\u00e3o espanhola, sendo competentes os Tribunais do domic\u00edlio do utilizador quando este se encontre em Espanha, ou os de Val\u00eancia quando se encontre fora de Espanha, renunciando expressamente a qualquer outro foro ou jurisdi\u00e7\u00e3o.<\/p>\n\n<\/div>\n","protected":false},"excerpt":{"rendered":"Pol\u00edtica de Privacidade A presente pol\u00edtica de privacidade \u00e9 de aplica\u00e7\u00e3o exclusiva \u00e0 presente p\u00e1gina de TORNILLER\u00cdA Y RODAMIENTOS LEVANTE, S.A., entendendo-se como tal as p\u00e1ginas e subp\u00e1ginas nela inclu\u00eddas, excluindo a responsabilidade por p\u00e1ginas, coment\u00e1rios e\/ou an\u00fancios n\u00e3o inclu\u00eddos diretamente por TORNILLER\u00cdA Y RODAMIENTOS LEVANTE, S.A. Esta pol\u00edtica segue as diretrizes gerais estabelecidas pelo&hellip;","protected":false},"author":4,"featured_media":0,"parent":0,"menu_order":0,"comment_status":"closed","ping_status":"closed","template":"template-privacidad.php","meta":{"_acf_changed":false,"footnotes":""},"class_list":["post-9814","page","type-page","status-publish","hentry"],"acf":[],"yoast_head":"<!-- This site is optimized with the Yoast SEO plugin v27.3 - https:\/\/yoast.com\/product\/yoast-seo-wordpress\/ -->\n<title>Pol\u00edtica de Privacidade - Torrod - Especialistas em parafusos e fixa\u00e7\u00e3o<\/title>\n<meta name=\"robots\" content=\"index, follow, max-snippet:-1, max-image-preview:large, max-video-preview:-1\" \/>\n<link rel=\"canonical\" href=\"https:\/\/www.torrod.es\/pt-pt\/politica-de-privacidad\/\" \/>\n<meta property=\"og:locale\" content=\"pt_PT\" \/>\n<meta property=\"og:type\" content=\"article\" \/>\n<meta property=\"og:title\" content=\"Pol\u00edtica de Privacidade - Torrod - Especialistas em parafusos e fixa\u00e7\u00e3o\" \/>\n<meta property=\"og:description\" content=\"Pol\u00edtica de Privacidade A presente pol\u00edtica de privacidade \u00e9 de aplica\u00e7\u00e3o exclusiva \u00e0 presente p\u00e1gina de TORNILLER\u00cdA Y RODAMIENTOS LEVANTE, S.A., entendendo-se como tal as p\u00e1ginas e subp\u00e1ginas nela inclu\u00eddas, excluindo a responsabilidade por p\u00e1ginas, coment\u00e1rios e\/ou an\u00fancios n\u00e3o inclu\u00eddos diretamente por TORNILLER\u00cdA Y RODAMIENTOS LEVANTE, S.A. Esta pol\u00edtica segue as diretrizes gerais estabelecidas pelo&hellip;\" \/>\n<meta property=\"og:url\" content=\"https:\/\/www.torrod.es\/pt-pt\/politica-de-privacidad\/\" \/>\n<meta property=\"og:site_name\" content=\"Torrod - Especialistas em parafusos e fixa\u00e7\u00e3o\" \/>\n<meta property=\"article:modified_time\" content=\"2026-04-09T07:57:17+00:00\" \/>\n<meta name=\"twitter:card\" content=\"summary_large_image\" \/>\n<meta name=\"twitter:label1\" content=\"Tempo estimado de leitura\" \/>\n\t<meta name=\"twitter:data1\" content=\"3 minutos\" \/>\n<script type=\"application\/ld+json\" class=\"yoast-schema-graph\">{\"@context\":\"https:\\\/\\\/schema.org\",\"@graph\":[{\"@type\":\"WebPage\",\"@id\":\"https:\\\/\\\/www.torrod.es\\\/pt-pt\\\/politica-de-privacidad\\\/\",\"url\":\"https:\\\/\\\/www.torrod.es\\\/pt-pt\\\/politica-de-privacidad\\\/\",\"name\":\"Pol\u00edtica de Privacidade - Torrod - Especialistas em parafusos e fixa\u00e7\u00e3o\",\"isPartOf\":{\"@id\":\"https:\\\/\\\/www.torrod.es\\\/pt-pt\\\/#website\"},\"datePublished\":\"2026-04-09T07:56:30+00:00\",\"dateModified\":\"2026-04-09T07:57:17+00:00\",\"inLanguage\":\"pt-PT\",\"potentialAction\":[{\"@type\":\"ReadAction\",\"target\":[\"https:\\\/\\\/www.torrod.es\\\/pt-pt\\\/politica-de-privacidad\\\/\"]}]},{\"@type\":\"WebSite\",\"@id\":\"https:\\\/\\\/www.torrod.es\\\/pt-pt\\\/#website\",\"url\":\"https:\\\/\\\/www.torrod.es\\\/pt-pt\\\/\",\"name\":\"Torrod - Especialistas em parafusos e fixa\u00e7\u00e3o\",\"description\":\"A Torrod \u00e9 um fornecedor global de parafusos e produtos de fixa\u00e7\u00e3o, oferecendo solu\u00e7\u00f5es \u00e0 medida das necessidades de cada cliente.\",\"potentialAction\":[{\"@type\":\"SearchAction\",\"target\":{\"@type\":\"EntryPoint\",\"urlTemplate\":\"https:\\\/\\\/www.torrod.es\\\/pt-pt\\\/?s={search_term_string}\"},\"query-input\":{\"@type\":\"PropertyValueSpecification\",\"valueRequired\":true,\"valueName\":\"search_term_string\"}}],\"inLanguage\":\"pt-PT\"}]}<\/script>\n<!-- \/ Yoast SEO plugin. -->","yoast_head_json":{"title":"Pol\u00edtica de Privacidade - Torrod - Especialistas em parafusos e fixa\u00e7\u00e3o","robots":{"index":"index","follow":"follow","max-snippet":"max-snippet:-1","max-image-preview":"max-image-preview:large","max-video-preview":"max-video-preview:-1"},"canonical":"https:\/\/www.torrod.es\/pt-pt\/politica-de-privacidad\/","og_locale":"pt_PT","og_type":"article","og_title":"Pol\u00edtica de Privacidade - Torrod - Especialistas em parafusos e fixa\u00e7\u00e3o","og_description":"Pol\u00edtica de Privacidade A presente pol\u00edtica de privacidade \u00e9 de aplica\u00e7\u00e3o exclusiva \u00e0 presente p\u00e1gina de TORNILLER\u00cdA Y RODAMIENTOS LEVANTE, S.A., entendendo-se como tal as p\u00e1ginas e subp\u00e1ginas nela inclu\u00eddas, excluindo a responsabilidade por p\u00e1ginas, coment\u00e1rios e\/ou an\u00fancios n\u00e3o inclu\u00eddos diretamente por TORNILLER\u00cdA Y RODAMIENTOS LEVANTE, S.A. Esta pol\u00edtica segue as diretrizes gerais estabelecidas pelo&hellip;","og_url":"https:\/\/www.torrod.es\/pt-pt\/politica-de-privacidad\/","og_site_name":"Torrod - Especialistas em parafusos e fixa\u00e7\u00e3o","article_modified_time":"2026-04-09T07:57:17+00:00","twitter_card":"summary_large_image","twitter_misc":{"Tempo estimado de leitura":"3 minutos"},"schema":{"@context":"https:\/\/schema.org","@graph":[{"@type":"WebPage","@id":"https:\/\/www.torrod.es\/pt-pt\/politica-de-privacidad\/","url":"https:\/\/www.torrod.es\/pt-pt\/politica-de-privacidad\/","name":"Pol\u00edtica de Privacidade - Torrod - Especialistas em parafusos e fixa\u00e7\u00e3o","isPartOf":{"@id":"https:\/\/www.torrod.es\/pt-pt\/#website"},"datePublished":"2026-04-09T07:56:30+00:00","dateModified":"2026-04-09T07:57:17+00:00","inLanguage":"pt-PT","potentialAction":[{"@type":"ReadAction","target":["https:\/\/www.torrod.es\/pt-pt\/politica-de-privacidad\/"]}]},{"@type":"WebSite","@id":"https:\/\/www.torrod.es\/pt-pt\/#website","url":"https:\/\/www.torrod.es\/pt-pt\/","name":"Torrod - Especialistas em parafusos e fixa\u00e7\u00e3o","description":"A Torrod \u00e9 um fornecedor global de parafusos e produtos de fixa\u00e7\u00e3o, oferecendo solu\u00e7\u00f5es \u00e0 medida das necessidades de cada cliente.","potentialAction":[{"@type":"SearchAction","target":{"@type":"EntryPoint","urlTemplate":"https:\/\/www.torrod.es\/pt-pt\/?s={search_term_string}"},"query-input":{"@type":"PropertyValueSpecification","valueRequired":true,"valueName":"search_term_string"}}],"inLanguage":"pt-PT"}]}},"_links":{"self":[{"href":"https:\/\/www.torrod.es\/pt-pt\/wp-json\/wp\/v2\/pages\/9814","targetHints":{"allow":["GET"]}}],"collection":[{"href":"https:\/\/www.torrod.es\/pt-pt\/wp-json\/wp\/v2\/pages"}],"about":[{"href":"https:\/\/www.torrod.es\/pt-pt\/wp-json\/wp\/v2\/types\/page"}],"author":[{"embeddable":true,"href":"https:\/\/www.torrod.es\/pt-pt\/wp-json\/wp\/v2\/users\/4"}],"replies":[{"embeddable":true,"href":"https:\/\/www.torrod.es\/pt-pt\/wp-json\/wp\/v2\/comments?post=9814"}],"version-history":[{"count":2,"href":"https:\/\/www.torrod.es\/pt-pt\/wp-json\/wp\/v2\/pages\/9814\/revisions"}],"predecessor-version":[{"id":9816,"href":"https:\/\/www.torrod.es\/pt-pt\/wp-json\/wp\/v2\/pages\/9814\/revisions\/9816"}],"wp:attachment":[{"href":"https:\/\/www.torrod.es\/pt-pt\/wp-json\/wp\/v2\/media?parent=9814"}],"curies":[{"name":"wp","href":"https:\/\/api.w.org\/{rel}","templated":true}]}}