{"id":9793,"date":"2026-04-09T09:15:28","date_gmt":"2026-04-09T07:15:28","guid":{"rendered":"https:\/\/www.torrod.es\/aviso-legal\/"},"modified":"2026-04-09T09:47:31","modified_gmt":"2026-04-09T07:47:31","slug":"aviso-legal","status":"publish","type":"page","link":"https:\/\/www.torrod.es\/pt-pt\/aviso-legal\/","title":{"rendered":"Aviso Legal"},"content":{"rendered":"\n<h3 class=\"wp-block-heading\"><\/h3>\n\n\n\n<style>\n  .aviso-wrap { font-family: Arial, sans-serif; color: #333; line-height: 1.6; font-size: 15px; }\n  .aviso-wrap h1 { font-size: 2em; color: #2d2d2d; text-transform: uppercase; font-weight: 900; margin-bottom: 10px; }\n  .aviso-wrap h2 { font-size: 1.4em; color: #7ab317; font-weight: 700; margin-top: 30px; margin-bottom: 5px; }\n  .aviso-wrap p { margin: 6px 0 12px; }\n  .aviso-wrap ul { list-style: disc; padding-left: 20px; margin: 6px 0 16px; }\n  .aviso-wrap ul li { margin-bottom: 6px; }\n  .aviso-wrap a { color: #7ab317; text-decoration: none; }\n  .aviso-wrap a:hover { text-decoration: underline; }\n  .aviso-wrap hr { border: none; border-top: 1px solid #ddd; margin: 30px 0; }\n<\/style>\n\n<div class=\"aviso-wrap\">\n\n  <h1>Aviso Legal<\/h1>\n\n  <p>TORNILLER\u00cdA Y RODAMIENTOS LEVANTE, S.A., titular deste site, em cumprimento da normativa vigente, cria o seguinte &#8220;Aviso Legal&#8221;.<\/p>\n  <p>A navega\u00e7\u00e3o neste site fica sujeita \u00e0s condi\u00e7\u00f5es recolhidas no presente aviso legal, as quais poder\u00e3o ser atualizadas periodicamente e sem aviso pr\u00e9vio.<\/p>\n  <p>A navega\u00e7\u00e3o pelo site implica a perfeita compreens\u00e3o e a expressa aceita\u00e7\u00e3o das referidas condi\u00e7\u00f5es por parte do utilizador.<\/p>\n\n  <h2>Atualiza\u00e7\u00e3o e modifica\u00e7\u00e3o do site<\/h2>\n  <p>TORNILLER\u00cdA Y RODAMIENTOS LEVANTE, S.A. reserva-se o direito de modificar ou eliminar, sem aviso pr\u00e9vio, tanto a informa\u00e7\u00e3o contida no seu site como a sua configura\u00e7\u00e3o e apresenta\u00e7\u00e3o, sem assumir qualquer responsabilidade por isso. Nesse caso, o novo aviso legal come\u00e7ar\u00e1 a vigorar a partir do momento em que esteja dispon\u00edvel e acess\u00edvel ao utilizador em torrod.es.<\/p>\n\n  <h2>Informa\u00e7\u00e3o geral<\/h2>\n  <p>\n    <strong>Denomina\u00e7\u00e3o social:<\/strong> TORNILLER\u00cdA Y RODAMIENTOS LEVANTE, S.A.<br>\n    <strong>Sede social:<\/strong> C\/ Mont Cabrer, 22 \u00b7 Pol. Ind. La Lloma 46960 Aldaya (Val\u00eancia)<br>\n    <strong>Registo:<\/strong> Inscrita no Registo Comercial de Bizkaia, tomo 3460, f\u00f3lio 194, folha BI 17986, inscri\u00e7\u00e3o 1\u00aa<br>\n    <strong>NIF:<\/strong> A-48862205\n  <\/p>\n\n  <h2>Propriedade intelectual<\/h2>\n  <p>Os conte\u00fados deste site, textos, imagens, sons, anima\u00e7\u00f5es, etc., bem como o seu design gr\u00e1fico e c\u00f3digo fonte, est\u00e3o protegidos pela legisla\u00e7\u00e3o espanhola sobre direitos de propriedade intelectual e industrial a favor de TORNILLER\u00cdA Y RODAMIENTOS LEVANTE, S.A.<\/p>\n  <p>Fica expressamente proibida a sua reprodu\u00e7\u00e3o, distribui\u00e7\u00e3o ou comunica\u00e7\u00e3o p\u00fablica, total ou parcial, sem a autoriza\u00e7\u00e3o expressa e por escrito de TORNILLER\u00cdA Y RODAMIENTOS LEVANTE, S.A.<\/p>\n  <p>Todos os conte\u00fados do site www.torrod.es (incluindo, sem car\u00e1cter limitativo, bases de dados, imagens e fotografias, desenhos, gr\u00e1ficos e ficheiros de texto) s\u00e3o propriedade de TORNILLER\u00cdA Y RODAMIENTOS LEVANTE, S.A. ou dos fornecedores de conte\u00fados, e est\u00e3o protegidos pelas normas nacionais e internacionais de propriedade intelectual. Os utilizadores comprometem-se a utilizar os conte\u00fados de acordo com a normativa vigente, a moral e os bons costumes aceites e a ordem p\u00fablica.<\/p>\n  <p>O utilizador abster-se-\u00e1 de realizar condutas que atentem contra os direitos de propriedade intelectual ou industrial de TORNILLER\u00cdA Y RODAMIENTOS LEVANTE, S.A. ou de terceiros. O utilizador manter\u00e1 em qualquer caso indene TORNILLER\u00cdA Y RODAMIENTOS LEVANTE, S.A. face a qualquer reclama\u00e7\u00e3o resultante de tal utiliza\u00e7\u00e3o.<\/p>\n  <p>As marcas, ins\u00edgnias, sinais distintivos ou log\u00f3tipos de torrod.es s\u00e3o propriedade de TORNILLER\u00cdA Y RODAMIENTOS LEVANTE, S.A. e est\u00e3o devidamente registados, n\u00e3o podendo entender-se cedido ao utilizador nenhum direito de explora\u00e7\u00e3o al\u00e9m do estritamente necess\u00e1rio para o correto uso do site.<\/p>\n  <p>Os textos, dados e desenhos gr\u00e1ficos n\u00e3o poder\u00e3o ser objeto de modifica\u00e7\u00e3o, c\u00f3pia, transforma\u00e7\u00e3o, reprodu\u00e7\u00e3o, adapta\u00e7\u00e3o ou tradu\u00e7\u00e3o por parte de terceiros sem a expressa autoriza\u00e7\u00e3o do titular. A disponibiliza\u00e7\u00e3o dos referidos conte\u00fados n\u00e3o implica em caso algum a cess\u00e3o da sua titularidade nem a concess\u00e3o de um direito de explora\u00e7\u00e3o.<\/p>\n\n  <h2>Conte\u00fado do site<\/h2>\n  <p>TORNILLER\u00cdA Y RODAMIENTOS LEVANTE, S.A. n\u00e3o ser\u00e1 respons\u00e1vel pelos danos ou preju\u00edzos que possam derivar da utiliza\u00e7\u00e3o dos conte\u00fados por parte dos utilizadores ou da infra\u00e7\u00e3o de qualquer disposi\u00e7\u00e3o legal vigente.<\/p>\n  <p>Tamb\u00e9m n\u00e3o assumimos responsabilidade pela informa\u00e7\u00e3o contida em p\u00e1ginas web de terceiros \u00e0s quais se possa aceder por liga\u00e7\u00f5es ou motores de busca a partir deste site.<\/p>\n\n  <h2>Liga\u00e7\u00f5es<\/h2>\n  <p>Os titulares de outros sites que desejem criar uma hiperliga\u00e7\u00e3o para torrod.es comprometem-se a n\u00e3o estabelecer liga\u00e7\u00f5es para sites em que n\u00e3o apare\u00e7a o log\u00f3tipo de TORNILLER\u00cdA Y RODAMIENTOS LEVANTE, S.A. e a n\u00e3o realizar declara\u00e7\u00f5es falsas, inexatas ou incorretas que possam induzir em erro.<\/p>\n  <p>Do mesmo modo, comprometem-se a n\u00e3o estabelecer hiperliga\u00e7\u00f5es com sites que contenham conte\u00fados de \u00edndole racista, xen\u00f3foba, pornogr\u00e1fica, de apologia ao terrorismo ou que possam prejudicar de qualquer modo a imagem de TORNILLER\u00cdA Y RODAMIENTOS LEVANTE, S.A.<\/p>\n  <p>A inclus\u00e3o de hiperliga\u00e7\u00f5es em torrod.es n\u00e3o implica que TORNILLER\u00cdA Y RODAMIENTOS LEVANTE, S.A. mantenha rela\u00e7\u00f5es comerciais com o titular do site ligado. A hiperliga\u00e7\u00e3o apenas permitir\u00e1 o acesso \u00e0 p\u00e1gina principal do portal e n\u00e3o poder\u00e1 reproduzi-la de nenhuma forma. N\u00e3o ser\u00e1 criado frame ou moldura sobre a p\u00e1gina web.<\/p>\n  <p>A presen\u00e7a de hiperliga\u00e7\u00f5es em torrod.es tem uma finalidade meramente informativa, pelo que TORNILLER\u00cdA Y RODAMIENTOS LEVANTE, S.A. n\u00e3o se responsabiliza nem oferece garantia de qualquer natureza relativamente \u00e0s informa\u00e7\u00f5es, produtos ou servi\u00e7os oferecidos atrav\u00e9s do site referenciado.<\/p>\n\n  <h2>Indica\u00e7\u00f5es sobre aspetos t\u00e9cnicos<\/h2>\n  <p>TORNILLER\u00cdA Y RODAMIENTOS LEVANTE, S.A. n\u00e3o assume qualquer responsabilidade derivada de problemas t\u00e9cnicos ou falhas nos equipamentos inform\u00e1ticos durante a liga\u00e7\u00e3o \u00e0 Internet, nem de danos causados por terceiros atrav\u00e9s de intromiss\u00f5es ileg\u00edtimas fora do seu controlo.<\/p>\n  <p>Do mesmo modo, ficamos exonerados de toda a responsabilidade perante poss\u00edveis danos ou preju\u00edzos derivados de erros, defeitos ou omiss\u00f5es na informa\u00e7\u00e3o que fornecemos quando provenha de fontes alheias a n\u00f3s.<\/p>\n  <p>O site torrod.es poder\u00e1 conter inexatid\u00f5es ou erros. TORNILLER\u00cdA Y RODAMIENTOS LEVANTE, S.A. n\u00e3o garante a veracidade, exatid\u00e3o e atualidade dos dados contidos no seu site.<\/p>\n\n  <h2>Normativa legal e jurisdi\u00e7\u00e3o aplic\u00e1vel<\/h2>\n  <p>O presente &#8220;Aviso Legal&#8221; foi elaborado respeitando o Regulamento Geral de Prote\u00e7\u00e3o de Dados (RGPD) de 27 de abril de 2016 e poder\u00e1 ser modificado em qualquer momento para se adequar \u00e0s altera\u00e7\u00f5es legislativas vigentes.<\/p>\n  <p>Para qualquer lit\u00edgio derivado da utiliza\u00e7\u00e3o deste site, ser\u00e1 aplicada a legisla\u00e7\u00e3o espanhola, sendo competentes os Tribunais do domic\u00edlio do utilizador quando este se encontre em Espanha, ou os de Logro\u00f1o quando se encontre fora de Espanha, renunciando expressamente a qualquer outro foro ou jurisdi\u00e7\u00e3o.<\/p>\n\n  <h2>Propriedade intelectual e industrial<\/h2>\n  <p>O conte\u00fado inclu\u00eddo na presente p\u00e1gina de TORNILLER\u00cdA Y RODAMIENTOS LEVANTE, S.A. no Twitter, LinkedIn, Facebook e YouTube goza da prote\u00e7\u00e3o prevista sobre a propriedade industrial e intelectual pelas leis espanholas e internacionais.<\/p>\n  <p>N\u00e3o se podem entender cedidos aos utilizadores nenhum dos direitos de explora\u00e7\u00e3o sobre os conte\u00fados al\u00e9m do estritamente necess\u00e1rio para o uso adequado da mesma. A altera\u00e7\u00e3o, transforma\u00e7\u00e3o, reprodu\u00e7\u00e3o ou c\u00f3pia do conte\u00fado com qualquer prop\u00f3sito distinto do consentido pelo titular dos direitos fica proibida.<\/p>\n  <p>Apenas se autoriza um uso privado da presente p\u00e1gina e do seu conte\u00fado. Os utilizadores n\u00e3o poder\u00e3o fazer uso comercial dos conte\u00fados nem distribu\u00ed-los nem reproduzi-los de forma p\u00fablica sem autoriza\u00e7\u00e3o expressa.<\/p>\n  <p>No caso de um autor considerar que algum artigo deva ser retirado, pode comunicar-nos. Solicitamos igualmente que seja feita men\u00e7\u00e3o \u00e0 fonte quando a informa\u00e7\u00e3o se pretenda divulgar de forma gratuita.<\/p>\n\n  <h2>Acesso ao site e contacto<\/h2>\n  <p>O utilizador pode aceder gratuitamente \u00e0 presente p\u00e1gina, mas compromete-se a utiliz\u00e1-la de forma diligente, correta e l\u00edcita, em conformidade com a Lei, a moral e os bons costumes.<\/p>\n  <p>Para quest\u00f5es, pedidos ou informa\u00e7\u00f5es adicionais sobre os servi\u00e7os prestados, pode contactar-nos atrav\u00e9s de: <a href=\"mailto:info@torrod.es\">info@torrod.es<\/a><\/p>\n  <p>Os dados pessoais fornecidos ser\u00e3o tratados de acordo com a &#8220;Pol\u00edtica de Privacidade&#8221; inclu\u00edda no Aviso Legal, respeitando a legisla\u00e7\u00e3o vigente em mat\u00e9ria de prote\u00e7\u00e3o de dados. Desaconselha-se o envio de dados especialmente protegidos, pois esta comunica\u00e7\u00e3o n\u00e3o utiliza um canal seguro.<\/p>\n  <p>Para notificar a ilegalidade parcial ou total de algum conte\u00fado deste site, pode enviar um e-mail para <a href=\"mailto:info@torrod.es\">info@torrod.es<\/a>.<\/p>\n\n  <h2>Isen\u00e7\u00f5es de responsabilidade<\/h2>\n  <p>Exclui-se toda a responsabilidade e garantia por:<\/p>\n  <ul>\n    <li>Ter acedido \u00e0 p\u00e1gina de TORNILLER\u00cdA Y RODAMIENTOS LEVANTE, S.A.<\/li>\n    <li>O mau uso que possa ser feito com ocasi\u00e3o do acesso \u00e0 informa\u00e7\u00e3o inserida na mesma.<\/li>\n    <li>Os poss\u00edveis erros deste site.<\/li>\n    <li>Os conte\u00fados ligados e o seu mau funcionamento.<\/li>\n    <li>As ofertas de produtos e\/ou servi\u00e7os anunciadas nos conte\u00fados ligados, uma vez que a liga\u00e7\u00e3o n\u00e3o sup\u00f5e sugest\u00e3o da sua contrata\u00e7\u00e3o.<\/li>\n    <li>Os preju\u00edzos derivados da interrup\u00e7\u00e3o do servi\u00e7o de acesso ao presente site, ainda que TORNILLER\u00cdA Y RODAMIENTOS LEVANTE, S.A. fa\u00e7a tudo o poss\u00edvel para prestar um servi\u00e7o cont\u00ednuo.<\/li>\n  <\/ul>\n\n  <hr>\n\n  <p>Os utilizadores podem estabelecer hiperliga\u00e7\u00f5es para a presente p\u00e1gina, mas dever\u00e3o abster-se de realizar declara\u00e7\u00f5es falsas ou incorretas sobre a mesma. TORNILLER\u00cdA Y RODAMIENTOS LEVANTE, S.A. rejeita todas as responsabilidades que possam derivar do acesso do utilizador \u00e0s p\u00e1ginas ligadas. N\u00e3o se estabelecer\u00e3o hiperliga\u00e7\u00f5es a partir de p\u00e1ginas web que incluam informa\u00e7\u00e3o ou conte\u00fados il\u00edcitos, imorais ou contr\u00e1rios \u00e0 ordem p\u00fablica ou aos direitos de terceiros.<\/p>\n\n<\/div>\n","protected":false},"excerpt":{"rendered":"Aviso Legal TORNILLER\u00cdA Y RODAMIENTOS LEVANTE, S.A., titular deste site, em cumprimento da normativa vigente, cria o seguinte &#8220;Aviso Legal&#8221;. A navega\u00e7\u00e3o neste site fica sujeita \u00e0s condi\u00e7\u00f5es recolhidas no presente aviso legal, as quais poder\u00e3o ser atualizadas periodicamente e sem aviso pr\u00e9vio. A navega\u00e7\u00e3o pelo site implica a perfeita compreens\u00e3o e a expressa aceita\u00e7\u00e3o&hellip;","protected":false},"author":4,"featured_media":0,"parent":0,"menu_order":0,"comment_status":"closed","ping_status":"closed","template":"template-legal.php","meta":{"_acf_changed":false,"footnotes":""},"class_list":["post-9793","page","type-page","status-publish","hentry"],"acf":[],"yoast_head":"<!-- This site is optimized with the Yoast SEO plugin v27.3 - https:\/\/yoast.com\/product\/yoast-seo-wordpress\/ -->\n<title>Aviso Legal - Torrod - Especialistas em parafusos e fixa\u00e7\u00e3o<\/title>\n<meta name=\"robots\" content=\"index, follow, max-snippet:-1, max-image-preview:large, max-video-preview:-1\" \/>\n<link rel=\"canonical\" href=\"https:\/\/www.torrod.es\/pt-pt\/aviso-legal\/\" \/>\n<meta property=\"og:locale\" content=\"pt_PT\" \/>\n<meta property=\"og:type\" content=\"article\" \/>\n<meta property=\"og:title\" content=\"Aviso Legal - Torrod - Especialistas em parafusos e fixa\u00e7\u00e3o\" \/>\n<meta property=\"og:description\" content=\"Aviso Legal TORNILLER\u00cdA Y RODAMIENTOS LEVANTE, S.A., titular deste site, em cumprimento da normativa vigente, cria o seguinte &#8220;Aviso Legal&#8221;. A navega\u00e7\u00e3o neste site fica sujeita \u00e0s condi\u00e7\u00f5es recolhidas no presente aviso legal, as quais poder\u00e3o ser atualizadas periodicamente e sem aviso pr\u00e9vio. A navega\u00e7\u00e3o pelo site implica a perfeita compreens\u00e3o e a expressa aceita\u00e7\u00e3o&hellip;\" \/>\n<meta property=\"og:url\" content=\"https:\/\/www.torrod.es\/pt-pt\/aviso-legal\/\" \/>\n<meta property=\"og:site_name\" content=\"Torrod - Especialistas em parafusos e fixa\u00e7\u00e3o\" \/>\n<meta property=\"article:modified_time\" content=\"2026-04-09T07:47:31+00:00\" \/>\n<meta name=\"twitter:card\" content=\"summary_large_image\" \/>\n<meta name=\"twitter:label1\" content=\"Tempo estimado de leitura\" \/>\n\t<meta name=\"twitter:data1\" content=\"6 minutos\" \/>\n<script type=\"application\/ld+json\" class=\"yoast-schema-graph\">{\"@context\":\"https:\\\/\\\/schema.org\",\"@graph\":[{\"@type\":\"WebPage\",\"@id\":\"https:\\\/\\\/www.torrod.es\\\/pt-pt\\\/aviso-legal\\\/\",\"url\":\"https:\\\/\\\/www.torrod.es\\\/pt-pt\\\/aviso-legal\\\/\",\"name\":\"Aviso Legal - Torrod - Especialistas em parafusos e fixa\u00e7\u00e3o\",\"isPartOf\":{\"@id\":\"https:\\\/\\\/www.torrod.es\\\/pt-pt\\\/#website\"},\"datePublished\":\"2026-04-09T07:15:28+00:00\",\"dateModified\":\"2026-04-09T07:47:31+00:00\",\"inLanguage\":\"pt-PT\",\"potentialAction\":[{\"@type\":\"ReadAction\",\"target\":[\"https:\\\/\\\/www.torrod.es\\\/pt-pt\\\/aviso-legal\\\/\"]}]},{\"@type\":\"WebSite\",\"@id\":\"https:\\\/\\\/www.torrod.es\\\/pt-pt\\\/#website\",\"url\":\"https:\\\/\\\/www.torrod.es\\\/pt-pt\\\/\",\"name\":\"Torrod - Especialistas em parafusos e fixa\u00e7\u00e3o\",\"description\":\"A Torrod \u00e9 um fornecedor global de parafusos e produtos de fixa\u00e7\u00e3o, oferecendo solu\u00e7\u00f5es \u00e0 medida das necessidades de cada cliente.\",\"potentialAction\":[{\"@type\":\"SearchAction\",\"target\":{\"@type\":\"EntryPoint\",\"urlTemplate\":\"https:\\\/\\\/www.torrod.es\\\/pt-pt\\\/?s={search_term_string}\"},\"query-input\":{\"@type\":\"PropertyValueSpecification\",\"valueRequired\":true,\"valueName\":\"search_term_string\"}}],\"inLanguage\":\"pt-PT\"}]}<\/script>\n<!-- \/ Yoast SEO plugin. -->","yoast_head_json":{"title":"Aviso Legal - Torrod - Especialistas em parafusos e fixa\u00e7\u00e3o","robots":{"index":"index","follow":"follow","max-snippet":"max-snippet:-1","max-image-preview":"max-image-preview:large","max-video-preview":"max-video-preview:-1"},"canonical":"https:\/\/www.torrod.es\/pt-pt\/aviso-legal\/","og_locale":"pt_PT","og_type":"article","og_title":"Aviso Legal - Torrod - Especialistas em parafusos e fixa\u00e7\u00e3o","og_description":"Aviso Legal TORNILLER\u00cdA Y RODAMIENTOS LEVANTE, S.A., titular deste site, em cumprimento da normativa vigente, cria o seguinte &#8220;Aviso Legal&#8221;. A navega\u00e7\u00e3o neste site fica sujeita \u00e0s condi\u00e7\u00f5es recolhidas no presente aviso legal, as quais poder\u00e3o ser atualizadas periodicamente e sem aviso pr\u00e9vio. A navega\u00e7\u00e3o pelo site implica a perfeita compreens\u00e3o e a expressa aceita\u00e7\u00e3o&hellip;","og_url":"https:\/\/www.torrod.es\/pt-pt\/aviso-legal\/","og_site_name":"Torrod - Especialistas em parafusos e fixa\u00e7\u00e3o","article_modified_time":"2026-04-09T07:47:31+00:00","twitter_card":"summary_large_image","twitter_misc":{"Tempo estimado de leitura":"6 minutos"},"schema":{"@context":"https:\/\/schema.org","@graph":[{"@type":"WebPage","@id":"https:\/\/www.torrod.es\/pt-pt\/aviso-legal\/","url":"https:\/\/www.torrod.es\/pt-pt\/aviso-legal\/","name":"Aviso Legal - Torrod - Especialistas em parafusos e fixa\u00e7\u00e3o","isPartOf":{"@id":"https:\/\/www.torrod.es\/pt-pt\/#website"},"datePublished":"2026-04-09T07:15:28+00:00","dateModified":"2026-04-09T07:47:31+00:00","inLanguage":"pt-PT","potentialAction":[{"@type":"ReadAction","target":["https:\/\/www.torrod.es\/pt-pt\/aviso-legal\/"]}]},{"@type":"WebSite","@id":"https:\/\/www.torrod.es\/pt-pt\/#website","url":"https:\/\/www.torrod.es\/pt-pt\/","name":"Torrod - Especialistas em parafusos e fixa\u00e7\u00e3o","description":"A Torrod \u00e9 um fornecedor global de parafusos e produtos de fixa\u00e7\u00e3o, oferecendo solu\u00e7\u00f5es \u00e0 medida das necessidades de cada cliente.","potentialAction":[{"@type":"SearchAction","target":{"@type":"EntryPoint","urlTemplate":"https:\/\/www.torrod.es\/pt-pt\/?s={search_term_string}"},"query-input":{"@type":"PropertyValueSpecification","valueRequired":true,"valueName":"search_term_string"}}],"inLanguage":"pt-PT"}]}},"_links":{"self":[{"href":"https:\/\/www.torrod.es\/pt-pt\/wp-json\/wp\/v2\/pages\/9793","targetHints":{"allow":["GET"]}}],"collection":[{"href":"https:\/\/www.torrod.es\/pt-pt\/wp-json\/wp\/v2\/pages"}],"about":[{"href":"https:\/\/www.torrod.es\/pt-pt\/wp-json\/wp\/v2\/types\/page"}],"author":[{"embeddable":true,"href":"https:\/\/www.torrod.es\/pt-pt\/wp-json\/wp\/v2\/users\/4"}],"replies":[{"embeddable":true,"href":"https:\/\/www.torrod.es\/pt-pt\/wp-json\/wp\/v2\/comments?post=9793"}],"version-history":[{"count":3,"href":"https:\/\/www.torrod.es\/pt-pt\/wp-json\/wp\/v2\/pages\/9793\/revisions"}],"predecessor-version":[{"id":9809,"href":"https:\/\/www.torrod.es\/pt-pt\/wp-json\/wp\/v2\/pages\/9793\/revisions\/9809"}],"wp:attachment":[{"href":"https:\/\/www.torrod.es\/pt-pt\/wp-json\/wp\/v2\/media?parent=9793"}],"curies":[{"name":"wp","href":"https:\/\/api.w.org\/{rel}","templated":true}]}}